{"id":3735,"date":"2023-01-11T12:19:38","date_gmt":"2023-01-11T12:19:38","guid":{"rendered":"https:\/\/iesprincipe.com\/?page_id=3735"},"modified":"2025-12-16T11:16:11","modified_gmt":"2025-12-16T11:16:11","slug":"transparencia","status":"publish","type":"page","link":"https:\/\/iesprincipe.com\/index.php\/transparencia\/","title":{"rendered":"TRANSPARENCIA"},"content":{"rendered":"\t\t<div data-elementor-type=\"wp-page\" data-elementor-id=\"3735\" class=\"elementor elementor-3735\">\n\t\t\t\t\t\t<section class=\"elementor-section elementor-top-section elementor-element elementor-element-2231eb1 elementor-section-height-min-height elementor-section-boxed elementor-section-height-default elementor-section-items-middle\" data-id=\"2231eb1\" data-element_type=\"section\" data-e-type=\"section\" data-settings=\"{&quot;background_background&quot;:&quot;classic&quot;}\">\n\t\t\t\t\t\t\t<div class=\"elementor-background-overlay\"><\/div>\n\t\t\t\t\t\t\t<div class=\"elementor-container elementor-column-gap-no\">\n\t\t\t\t\t<div class=\"elementor-column elementor-col-100 elementor-top-column elementor-element elementor-element-9c2f3ba\" data-id=\"9c2f3ba\" data-element_type=\"column\" data-e-type=\"column\">\n\t\t\t<div class=\"elementor-widget-wrap elementor-element-populated\">\n\t\t\t\t\t\t<div class=\"elementor-element elementor-element-13dd0a4 elementor-widget elementor-widget-heading\" data-id=\"13dd0a4\" data-element_type=\"widget\" data-e-type=\"widget\" data-widget_type=\"heading.default\">\n\t\t\t\t<div class=\"elementor-widget-container\">\n\t\t\t\t\t<h6 class=\"elementor-heading-title elementor-size-default\">\n<\/h6>\t\t\t\t<\/div>\n\t\t\t\t<\/div>\n\t\t\t\t<div class=\"elementor-element elementor-element-4869b40 elementor-widget__width-initial elementor-widget elementor-widget-heading\" data-id=\"4869b40\" data-element_type=\"widget\" data-e-type=\"widget\" data-widget_type=\"heading.default\">\n\t\t\t\t<div class=\"elementor-widget-container\">\n\t\t\t\t\t<h1 class=\"elementor-heading-title elementor-size-default\">Transparencia<\/h1>\t\t\t\t<\/div>\n\t\t\t\t<\/div>\n\t\t\t\t<div class=\"elementor-element elementor-element-142c9ff elementor-widget elementor-widget-text-editor\" data-id=\"142c9ff\" data-element_type=\"widget\" data-e-type=\"widget\" data-widget_type=\"text-editor.default\">\n\t\t\t\t<div class=\"elementor-widget-container\">\n\t\t\t\t\t\t\t\t\t<p>Tal como somos<\/p>\t\t\t\t\t\t\t\t<\/div>\n\t\t\t\t<\/div>\n\t\t\t\t\t<\/div>\n\t\t<\/div>\n\t\t\t\t\t<\/div>\n\t\t<\/section>\n\t\t\t\t<section class=\"elementor-section elementor-top-section elementor-element elementor-element-a5849a1 elementor-section-boxed elementor-section-height-default elementor-section-height-default\" data-id=\"a5849a1\" data-element_type=\"section\" data-e-type=\"section\">\n\t\t\t\t\t\t<div class=\"elementor-container elementor-column-gap-default\">\n\t\t\t\t\t<div class=\"elementor-column elementor-col-100 elementor-top-column elementor-element elementor-element-cb54b62\" data-id=\"cb54b62\" data-element_type=\"column\" data-e-type=\"column\">\n\t\t\t<div class=\"elementor-widget-wrap\">\n\t\t\t\t\t\t\t<\/div>\n\t\t<\/div>\n\t\t\t\t\t<\/div>\n\t\t<\/section>\n\t\t\t\t<section class=\"elementor-section elementor-top-section elementor-element elementor-element-21f8a2d3 elementor-section-boxed elementor-section-height-default elementor-section-height-default\" data-id=\"21f8a2d3\" data-element_type=\"section\" data-e-type=\"section\">\n\t\t\t\t\t\t<div class=\"elementor-container elementor-column-gap-default\">\n\t\t\t\t\t<div class=\"elementor-column elementor-col-100 elementor-top-column elementor-element elementor-element-6c21eea3\" data-id=\"6c21eea3\" data-element_type=\"column\" data-e-type=\"column\">\n\t\t\t<div class=\"elementor-widget-wrap elementor-element-populated\">\n\t\t\t\t\t\t<div class=\"elementor-element elementor-element-41eb9d31 elementor-tabs-view-vertical elementor-widget elementor-widget-tabs\" data-id=\"41eb9d31\" data-element_type=\"widget\" data-e-type=\"widget\" data-widget_type=\"tabs.default\">\n\t\t\t\t<div class=\"elementor-widget-container\">\n\t\t\t\t\t\t\t<div class=\"elementor-tabs\">\n\t\t\t<div class=\"elementor-tabs-wrapper\" role=\"tablist\" >\n\t\t\t\t\t\t\t\t\t<div id=\"elementor-tab-title-1101\" class=\"elementor-tab-title elementor-tab-desktop-title\" aria-selected=\"true\" data-tab=\"1\" role=\"tab\" tabindex=\"0\" aria-controls=\"elementor-tab-content-1101\" aria-expanded=\"false\">Misi\u00f3n, visi\u00f3n y valores<\/div>\n\t\t\t\t\t\t\t\t\t<div id=\"elementor-tab-title-1102\" class=\"elementor-tab-title elementor-tab-desktop-title\" aria-selected=\"false\" data-tab=\"2\" role=\"tab\" tabindex=\"-1\" aria-controls=\"elementor-tab-content-1102\" aria-expanded=\"false\">Programaci\u00f3n General Anual<\/div>\n\t\t\t\t\t\t\t<\/div>\n\t\t\t<div class=\"elementor-tabs-content-wrapper\" role=\"tablist\" aria-orientation=\"vertical\">\n\t\t\t\t\t\t\t\t\t<div class=\"elementor-tab-title elementor-tab-mobile-title\" aria-selected=\"true\" data-tab=\"1\" role=\"tab\" tabindex=\"0\" aria-controls=\"elementor-tab-content-1101\" aria-expanded=\"false\">Misi\u00f3n, visi\u00f3n y valores<\/div>\n\t\t\t\t\t<div id=\"elementor-tab-content-1101\" class=\"elementor-tab-content elementor-clearfix\" data-tab=\"1\" role=\"tabpanel\" aria-labelledby=\"elementor-tab-title-1101\" tabindex=\"0\" hidden=\"false\"><p><strong><u>Misi\u00f3n:<\/u><\/strong><\/p><p>El IES Pr\u00edncipe de Asturias es un centro comprometido con el desarrollo integral de su alumnado, sensible a su diversidad.<\/p><p>Es un centro abierto al entorno que apuesta por una educaci\u00f3n inclusiva efectiva y real en la que tengan cabida todas las alumnas y alumnos.<\/p><p>El servicio educativo que ofrece busca la calidad y la mejora continua, con un marcado car\u00e1cter vivo e innovador.<\/p><p><strong><u>Visi\u00f3n:<\/u><\/strong><\/p><p>Queremos ser:<\/p><ul><li>Un centro integrador e inclusivo, que trata de obtener lo mejor de cada persona, inculcando una actitud positiva hacia el esfuerzo personal, que act\u00fae como herramienta para desarrollar al m\u00e1ximo las capacidades y emociones de cada individuo.<\/li><li>Un centro que crea las condiciones de convivencia que favorecen la ense\u00f1anza y el aprendizaje, as\u00ed como el trabajo en equipo.<\/li><li>Un centro que apuesta por la organizaci\u00f3n, la colaboraci\u00f3n y la participaci\u00f3n de forma inteligente conociendo sus fortalezas y debilidades.<\/li><li>Un centro que elabora planes de mejora y eval\u00faa sus resultados optimizando sus procesos y recursos.<\/li><li>Un centro din\u00e1mico e innovador con el objetivo de estar a la vanguardia de las \u00faltimas tendencias metodol\u00f3gicas, fomentando el uso de las tecnolog\u00edas aplicadas a la educaci\u00f3n.<\/li><\/ul><p><strong><u>Valores:<\/u><\/strong><\/p><p>El centro promueve como valores fundamentales:<\/p><ul><li>La inclusi\u00f3n educativa, la responsabilidad, la resiliencia, la cooperaci\u00f3n, el di\u00e1logo y el respeto a todas las personas por su dignidad humana.<\/li><li>El respeto al propio cuerpo a trav\u00e9s de programas espec\u00edficos dirigidos a la adquisici\u00f3n de h\u00e1bitos de vida saludables.<\/li><li>La cultura del esfuerzo y el est\u00edmulo de la curiosidad intelectual.<\/li><\/ul><\/div>\n\t\t\t\t\t\t\t\t\t<div class=\"elementor-tab-title elementor-tab-mobile-title\" aria-selected=\"false\" data-tab=\"2\" role=\"tab\" tabindex=\"-1\" aria-controls=\"elementor-tab-content-1102\" aria-expanded=\"false\">Programaci\u00f3n General Anual<\/div>\n\t\t\t\t\t<div id=\"elementor-tab-content-1102\" class=\"elementor-tab-content elementor-clearfix\" data-tab=\"2\" role=\"tabpanel\" aria-labelledby=\"elementor-tab-title-1102\" tabindex=\"0\" hidden=\"hidden\"><p>En este enlace puedes consultar nuestra <a href=\"https:\/\/docs.google.com\/document\/d\/1oy8SHEGyy55QAqFrMRzOw4mMAtLTDJek\/edit?usp=sharing&amp;ouid=101319461832077325989&amp;rtpof=true&amp;sd=true\" target=\"_blank\" rel=\"noopener\">PROGRAMACI\u00d3N GENERAL ANUAL 25\/26<\/a> completa.<\/p><\/div>\n\t\t\t\t\t\t\t<\/div>\n\t\t<\/div>\n\t\t\t\t\t\t<\/div>\n\t\t\t\t<\/div>\n\t\t\t\t\t<\/div>\n\t\t<\/div>\n\t\t\t\t\t<\/div>\n\t\t<\/section>\n\t\t\t\t<\/div>\n\t\t","protected":false},"excerpt":{"rendered":"<p>Transparencia Tal como somos Misi\u00f3n, visi\u00f3n y valores Programaci\u00f3n General Anual Misi\u00f3n, visi\u00f3n y valores Misi\u00f3n: El IES Pr\u00edncipe de Asturias es un centro comprometido con el desarrollo integral de su alumnado, sensible a su diversidad. Es un centro abierto al entorno que apuesta por una educaci\u00f3n inclusiva efectiva y real en la que tengan [&hellip;]<\/p>\n","protected":false},"author":1,"featured_media":0,"parent":0,"menu_order":0,"comment_status":"closed","ping_status":"closed","template":"","meta":{"site-sidebar-layout":"no-sidebar","site-content-layout":"page-builder","ast-site-content-layout":"default","site-content-style":"default","site-sidebar-style":"default","ast-global-header-display":"","ast-banner-title-visibility":"","ast-main-header-display":"","ast-hfb-above-header-display":"","ast-hfb-below-header-display":"","ast-hfb-mobile-header-display":"","site-post-title":"disabled","ast-breadcrumbs-content":"disabled","ast-featured-img":"disabled","footer-sml-layout":"","ast-disable-related-posts":"","theme-transparent-header-meta":"disabled","adv-header-id-meta":"","stick-header-meta":"","header-above-stick-meta":"","header-main-stick-meta":"","header-below-stick-meta":"","astra-migrate-meta-layouts":"default","ast-page-background-enabled":"default","ast-page-background-meta":{"desktop":{"background-color":"","background-image":"","background-repeat":"repeat","background-position":"center center","background-size":"auto","background-attachment":"scroll","background-type":"","background-media":"","overlay-type":"","overlay-color":"","overlay-opacity":"","overlay-gradient":""},"tablet":{"background-color":"","background-image":"","background-repeat":"repeat","background-position":"center center","background-size":"auto","background-attachment":"scroll","background-type":"","background-media":"","overlay-type":"","overlay-color":"","overlay-opacity":"","overlay-gradient":""},"mobile":{"background-color":"","background-image":"","background-repeat":"repeat","background-position":"center center","background-size":"auto","background-attachment":"scroll","background-type":"","background-media":"","overlay-type":"","overlay-color":"","overlay-opacity":"","overlay-gradient":""}},"ast-content-background-meta":{"desktop":{"background-color":"var(--ast-global-color-5)","background-image":"","background-repeat":"repeat","background-position":"center center","background-size":"auto","background-attachment":"scroll","background-type":"","background-media":"","overlay-type":"","overlay-color":"","overlay-opacity":"","overlay-gradient":""},"tablet":{"background-color":"var(--ast-global-color-5)","background-image":"","background-repeat":"repeat","background-position":"center center","background-size":"auto","background-attachment":"scroll","background-type":"","background-media":"","overlay-type":"","overlay-color":"","overlay-opacity":"","overlay-gradient":""},"mobile":{"background-color":"var(--ast-global-color-5)","background-image":"","background-repeat":"repeat","background-position":"center center","background-size":"auto","background-attachment":"scroll","background-type":"","background-media":"","overlay-type":"","overlay-color":"","overlay-opacity":"","overlay-gradient":""}},"footnotes":""},"class_list":["post-3735","page","type-page","status-publish","hentry"],"_links":{"self":[{"href":"https:\/\/iesprincipe.com\/index.php\/wp-json\/wp\/v2\/pages\/3735","targetHints":{"allow":["GET"]}}],"collection":[{"href":"https:\/\/iesprincipe.com\/index.php\/wp-json\/wp\/v2\/pages"}],"about":[{"href":"https:\/\/iesprincipe.com\/index.php\/wp-json\/wp\/v2\/types\/page"}],"author":[{"embeddable":true,"href":"https:\/\/iesprincipe.com\/index.php\/wp-json\/wp\/v2\/users\/1"}],"replies":[{"embeddable":true,"href":"https:\/\/iesprincipe.com\/index.php\/wp-json\/wp\/v2\/comments?post=3735"}],"version-history":[{"count":40,"href":"https:\/\/iesprincipe.com\/index.php\/wp-json\/wp\/v2\/pages\/3735\/revisions"}],"predecessor-version":[{"id":5244,"href":"https:\/\/iesprincipe.com\/index.php\/wp-json\/wp\/v2\/pages\/3735\/revisions\/5244"}],"wp:attachment":[{"href":"https:\/\/iesprincipe.com\/index.php\/wp-json\/wp\/v2\/media?parent=3735"}],"curies":[{"name":"wp","href":"https:\/\/api.w.org\/{rel}","templated":true}]}}