{"id":3419,"date":"2022-08-10T16:32:40","date_gmt":"2022-08-10T16:32:40","guid":{"rendered":"https:\/\/iesprincipe.com\/?page_id=3419"},"modified":"2025-11-12T14:54:12","modified_gmt":"2025-11-12T14:54:12","slug":"mvv","status":"publish","type":"page","link":"https:\/\/iesprincipe.com\/index.php\/mvv\/","title":{"rendered":"FORMACION DIGITAL FAMILIAS"},"content":{"rendered":"\t\t<div data-elementor-type=\"wp-page\" data-elementor-id=\"3419\" class=\"elementor elementor-3419\">\n\t\t\t\t\t\t<section class=\"elementor-section elementor-top-section elementor-element elementor-element-2231eb1 elementor-section-height-min-height elementor-section-boxed elementor-section-height-default elementor-section-items-middle\" data-id=\"2231eb1\" data-element_type=\"section\" data-e-type=\"section\" data-settings=\"{&quot;background_background&quot;:&quot;classic&quot;}\">\n\t\t\t\t\t\t\t<div class=\"elementor-background-overlay\"><\/div>\n\t\t\t\t\t\t\t<div class=\"elementor-container elementor-column-gap-no\">\n\t\t\t\t\t<div class=\"elementor-column elementor-col-100 elementor-top-column elementor-element elementor-element-9c2f3ba\" data-id=\"9c2f3ba\" data-element_type=\"column\" data-e-type=\"column\">\n\t\t\t<div class=\"elementor-widget-wrap elementor-element-populated\">\n\t\t\t\t\t\t<div class=\"elementor-element elementor-element-13dd0a4 elementor-widget elementor-widget-heading\" data-id=\"13dd0a4\" data-element_type=\"widget\" data-e-type=\"widget\" data-widget_type=\"heading.default\">\n\t\t\t\t<div class=\"elementor-widget-container\">\n\t\t\t\t\t<h6 class=\"elementor-heading-title elementor-size-default\">\n<\/h6>\t\t\t\t<\/div>\n\t\t\t\t<\/div>\n\t\t\t\t<div class=\"elementor-element elementor-element-4869b40 elementor-widget__width-initial elementor-widget elementor-widget-heading\" data-id=\"4869b40\" data-element_type=\"widget\" data-e-type=\"widget\" data-widget_type=\"heading.default\">\n\t\t\t\t<div class=\"elementor-widget-container\">\n\t\t\t\t\t<h1 class=\"elementor-heading-title elementor-size-default\">Formaci\u00f3n digital familias PDC<\/h1>\t\t\t\t<\/div>\n\t\t\t\t<\/div>\n\t\t\t\t<div class=\"elementor-element elementor-element-142c9ff elementor-widget elementor-widget-text-editor\" data-id=\"142c9ff\" data-element_type=\"widget\" data-e-type=\"widget\" data-widget_type=\"text-editor.default\">\n\t\t\t\t<div class=\"elementor-widget-container\">\n\t\t\t\t\t\t\t\t\t<p>Aprende para que tus hijos aprendan<\/p>\t\t\t\t\t\t\t\t<\/div>\n\t\t\t\t<\/div>\n\t\t\t\t\t<\/div>\n\t\t<\/div>\n\t\t\t\t\t<\/div>\n\t\t<\/section>\n\t\t\t\t<section class=\"elementor-section elementor-top-section elementor-element elementor-element-a5849a1 elementor-section-boxed elementor-section-height-default elementor-section-height-default\" data-id=\"a5849a1\" data-element_type=\"section\" data-e-type=\"section\">\n\t\t\t\t\t\t<div class=\"elementor-container elementor-column-gap-default\">\n\t\t\t\t\t<div class=\"elementor-column elementor-col-100 elementor-top-column elementor-element elementor-element-cb54b62\" data-id=\"cb54b62\" data-element_type=\"column\" data-e-type=\"column\">\n\t\t\t<div class=\"elementor-widget-wrap\">\n\t\t\t\t\t\t\t<\/div>\n\t\t<\/div>\n\t\t\t\t\t<\/div>\n\t\t<\/section>\n\t\t\t\t<section class=\"elementor-section elementor-top-section elementor-element elementor-element-21f8a2d3 elementor-section-boxed elementor-section-height-default elementor-section-height-default\" data-id=\"21f8a2d3\" data-element_type=\"section\" data-e-type=\"section\">\n\t\t\t\t\t\t<div class=\"elementor-container elementor-column-gap-default\">\n\t\t\t\t\t<div class=\"elementor-column elementor-col-100 elementor-top-column elementor-element elementor-element-6c21eea3\" data-id=\"6c21eea3\" data-element_type=\"column\" data-e-type=\"column\">\n\t\t\t<div class=\"elementor-widget-wrap elementor-element-populated\">\n\t\t\t\t\t\t<div class=\"elementor-element elementor-element-41eb9d31 elementor-tabs-view-vertical elementor-widget elementor-widget-tabs\" data-id=\"41eb9d31\" data-element_type=\"widget\" data-e-type=\"widget\" data-widget_type=\"tabs.default\">\n\t\t\t\t<div class=\"elementor-widget-container\">\n\t\t\t\t\t\t\t<div class=\"elementor-tabs\">\n\t\t\t<div class=\"elementor-tabs-wrapper\" role=\"tablist\" >\n\t\t\t\t\t\t\t\t\t<div id=\"elementor-tab-title-1101\" class=\"elementor-tab-title elementor-tab-desktop-title\" aria-selected=\"true\" data-tab=\"1\" role=\"tab\" tabindex=\"0\" aria-controls=\"elementor-tab-content-1101\" aria-expanded=\"false\">Instalaci\u00f3n TELEGRAM<\/div>\n\t\t\t\t\t\t\t\t\t<div id=\"elementor-tab-title-1102\" class=\"elementor-tab-title elementor-tab-desktop-title\" aria-selected=\"false\" data-tab=\"2\" role=\"tab\" tabindex=\"-1\" aria-controls=\"elementor-tab-content-1102\" aria-expanded=\"false\">MIRADOR<\/div>\n\t\t\t\t\t\t\t\t\t<div id=\"elementor-tab-title-1103\" class=\"elementor-tab-title elementor-tab-desktop-title\" aria-selected=\"false\" data-tab=\"3\" role=\"tab\" tabindex=\"-1\" aria-controls=\"elementor-tab-content-1103\" aria-expanded=\"false\">Recomendaciones uso de dispositivos<\/div>\n\t\t\t\t\t\t\t\t\t<div id=\"elementor-tab-title-1104\" class=\"elementor-tab-title elementor-tab-desktop-title\" aria-selected=\"false\" data-tab=\"4\" role=\"tab\" tabindex=\"-1\" aria-controls=\"elementor-tab-content-1104\" aria-expanded=\"false\">Riesgos uso de dispositivos<\/div>\n\t\t\t\t\t\t\t<\/div>\n\t\t\t<div class=\"elementor-tabs-content-wrapper\" role=\"tablist\" aria-orientation=\"vertical\">\n\t\t\t\t\t\t\t\t\t<div class=\"elementor-tab-title elementor-tab-mobile-title\" aria-selected=\"true\" data-tab=\"1\" role=\"tab\" tabindex=\"0\" aria-controls=\"elementor-tab-content-1101\" aria-expanded=\"false\">Instalaci\u00f3n TELEGRAM<\/div>\n\t\t\t\t\t<div id=\"elementor-tab-content-1101\" class=\"elementor-tab-content elementor-clearfix\" data-tab=\"1\" role=\"tabpanel\" aria-labelledby=\"elementor-tab-title-1101\" tabindex=\"0\" hidden=\"false\"><p>\u00a0\u00a0<img fetchpriority=\"high\" decoding=\"async\" class=\"alignnone wp-image-5111 size-large\" src=\"https:\/\/iesprincipe.com\/wp-content\/uploads\/2025\/11\/Captura-de-pantalla-2025-11-11-a-las-17.29.23-722x1024.png\" alt=\"\" width=\"722\" height=\"1024\" srcset=\"https:\/\/iesprincipe.com\/wp-content\/uploads\/2025\/11\/Captura-de-pantalla-2025-11-11-a-las-17.29.23-722x1024.png 722w, https:\/\/iesprincipe.com\/wp-content\/uploads\/2025\/11\/Captura-de-pantalla-2025-11-11-a-las-17.29.23-212x300.png 212w, https:\/\/iesprincipe.com\/wp-content\/uploads\/2025\/11\/Captura-de-pantalla-2025-11-11-a-las-17.29.23-768x1089.png 768w, https:\/\/iesprincipe.com\/wp-content\/uploads\/2025\/11\/Captura-de-pantalla-2025-11-11-a-las-17.29.23-1083x1536.png 1083w, https:\/\/iesprincipe.com\/wp-content\/uploads\/2025\/11\/Captura-de-pantalla-2025-11-11-a-las-17.29.23.png 1148w\" sizes=\"(max-width: 722px) 100vw, 722px\" \/><\/p><\/div>\n\t\t\t\t\t\t\t\t\t<div class=\"elementor-tab-title elementor-tab-mobile-title\" aria-selected=\"false\" data-tab=\"2\" role=\"tab\" tabindex=\"-1\" aria-controls=\"elementor-tab-content-1102\" aria-expanded=\"false\">MIRADOR<\/div>\n\t\t\t\t\t<div id=\"elementor-tab-content-1102\" class=\"elementor-tab-content elementor-clearfix\" data-tab=\"2\" role=\"tabpanel\" aria-labelledby=\"elementor-tab-title-1102\" tabindex=\"0\" hidden=\"hidden\"><p><img decoding=\"async\" class=\"alignnone wp-image-5109 size-large\" src=\"https:\/\/iesprincipe.com\/wp-content\/uploads\/2025\/11\/Captura-de-pantalla-2025-11-11-a-las-17.30.14-726x1024.png\" alt=\"\" width=\"726\" height=\"1024\" srcset=\"https:\/\/iesprincipe.com\/wp-content\/uploads\/2025\/11\/Captura-de-pantalla-2025-11-11-a-las-17.30.14-726x1024.png 726w, https:\/\/iesprincipe.com\/wp-content\/uploads\/2025\/11\/Captura-de-pantalla-2025-11-11-a-las-17.30.14-213x300.png 213w, https:\/\/iesprincipe.com\/wp-content\/uploads\/2025\/11\/Captura-de-pantalla-2025-11-11-a-las-17.30.14-768x1083.png 768w, https:\/\/iesprincipe.com\/wp-content\/uploads\/2025\/11\/Captura-de-pantalla-2025-11-11-a-las-17.30.14-1089x1536.png 1089w, https:\/\/iesprincipe.com\/wp-content\/uploads\/2025\/11\/Captura-de-pantalla-2025-11-11-a-las-17.30.14.png 1132w\" sizes=\"(max-width: 726px) 100vw, 726px\" \/><img decoding=\"async\" class=\"alignnone wp-image-5110 size-large\" src=\"https:\/\/iesprincipe.com\/wp-content\/uploads\/2025\/11\/Captura-de-pantalla-2025-11-11-a-las-17.30.36-740x1024.png\" alt=\"\" width=\"740\" height=\"1024\" srcset=\"https:\/\/iesprincipe.com\/wp-content\/uploads\/2025\/11\/Captura-de-pantalla-2025-11-11-a-las-17.30.36-740x1024.png 740w, https:\/\/iesprincipe.com\/wp-content\/uploads\/2025\/11\/Captura-de-pantalla-2025-11-11-a-las-17.30.36-217x300.png 217w, https:\/\/iesprincipe.com\/wp-content\/uploads\/2025\/11\/Captura-de-pantalla-2025-11-11-a-las-17.30.36-768x1063.png 768w, https:\/\/iesprincipe.com\/wp-content\/uploads\/2025\/11\/Captura-de-pantalla-2025-11-11-a-las-17.30.36-1110x1536.png 1110w, https:\/\/iesprincipe.com\/wp-content\/uploads\/2025\/11\/Captura-de-pantalla-2025-11-11-a-las-17.30.36.png 1126w\" sizes=\"(max-width: 740px) 100vw, 740px\" \/><\/p><\/div>\n\t\t\t\t\t\t\t\t\t<div class=\"elementor-tab-title elementor-tab-mobile-title\" aria-selected=\"false\" data-tab=\"3\" role=\"tab\" tabindex=\"-1\" aria-controls=\"elementor-tab-content-1103\" aria-expanded=\"false\">Recomendaciones uso de dispositivos<\/div>\n\t\t\t\t\t<div id=\"elementor-tab-content-1103\" class=\"elementor-tab-content elementor-clearfix\" data-tab=\"3\" role=\"tabpanel\" aria-labelledby=\"elementor-tab-title-1103\" tabindex=\"0\" hidden=\"hidden\"><p><div style=\"width: 1200px;\" class=\"wp-video\"><video class=\"wp-video-shortcode\" id=\"video-3419-1\" width=\"1200\" height=\"675\" preload=\"metadata\" controls=\"controls\"><source type=\"video\/mp4\" src=\"https:\/\/iesprincipe.com\/wp-content\/uploads\/2025\/11\/IES-Principe-de-Asturias-4.mp4?_=1\" \/><a href=\"https:\/\/iesprincipe.com\/wp-content\/uploads\/2025\/11\/IES-Principe-de-Asturias-4.mp4\">https:\/\/iesprincipe.com\/wp-content\/uploads\/2025\/11\/IES-Principe-de-Asturias-4.mp4<\/a><\/video><\/div><\/p><\/div>\n\t\t\t\t\t\t\t\t\t<div class=\"elementor-tab-title elementor-tab-mobile-title\" aria-selected=\"false\" data-tab=\"4\" role=\"tab\" tabindex=\"-1\" aria-controls=\"elementor-tab-content-1104\" aria-expanded=\"false\">Riesgos uso de dispositivos<\/div>\n\t\t\t\t\t<div id=\"elementor-tab-content-1104\" class=\"elementor-tab-content elementor-clearfix\" data-tab=\"4\" role=\"tabpanel\" aria-labelledby=\"elementor-tab-title-1104\" tabindex=\"0\" hidden=\"hidden\"><p><img loading=\"lazy\" decoding=\"async\" class=\"aligncenter wp-image-5125 size-full\" src=\"https:\/\/iesprincipe.com\/wp-content\/uploads\/2025\/11\/Infografia-Guia-de-9-Pasos-Basica-Colorida-Amarillo-y-Azul.jpg\" alt=\"\" width=\"800\" height=\"2000\" srcset=\"https:\/\/iesprincipe.com\/wp-content\/uploads\/2025\/11\/Infografia-Guia-de-9-Pasos-Basica-Colorida-Amarillo-y-Azul.jpg 800w, https:\/\/iesprincipe.com\/wp-content\/uploads\/2025\/11\/Infografia-Guia-de-9-Pasos-Basica-Colorida-Amarillo-y-Azul-120x300.jpg 120w, https:\/\/iesprincipe.com\/wp-content\/uploads\/2025\/11\/Infografia-Guia-de-9-Pasos-Basica-Colorida-Amarillo-y-Azul-410x1024.jpg 410w, https:\/\/iesprincipe.com\/wp-content\/uploads\/2025\/11\/Infografia-Guia-de-9-Pasos-Basica-Colorida-Amarillo-y-Azul-768x1920.jpg 768w, https:\/\/iesprincipe.com\/wp-content\/uploads\/2025\/11\/Infografia-Guia-de-9-Pasos-Basica-Colorida-Amarillo-y-Azul-614x1536.jpg 614w\" sizes=\"(max-width: 800px) 100vw, 800px\" \/><\/p><\/div>\n\t\t\t\t\t\t\t<\/div>\n\t\t<\/div>\n\t\t\t\t\t\t<\/div>\n\t\t\t\t<\/div>\n\t\t\t\t\t<\/div>\n\t\t<\/div>\n\t\t\t\t\t<\/div>\n\t\t<\/section>\n\t\t\t\t<\/div>\n\t\t","protected":false},"excerpt":{"rendered":"<p>Formaci\u00f3n digital familias PDC Aprende para que tus hijos aprendan Instalaci\u00f3n TELEGRAM MIRADOR Recomendaciones uso de dispositivos Riesgos uso de dispositivos Instalaci\u00f3n TELEGRAM \u00a0\u00a0 MIRADOR Recomendaciones uso de dispositivos https:\/\/iesprincipe.com\/wp-content\/uploads\/2025\/11\/IES-Principe-de-Asturias-4.mp4 Riesgos uso de dispositivos<\/p>\n","protected":false},"author":1,"featured_media":0,"parent":0,"menu_order":0,"comment_status":"closed","ping_status":"closed","template":"","meta":{"site-sidebar-layout":"no-sidebar","site-content-layout":"page-builder","ast-site-content-layout":"default","site-content-style":"default","site-sidebar-style":"default","ast-global-header-display":"","ast-banner-title-visibility":"","ast-main-header-display":"","ast-hfb-above-header-display":"","ast-hfb-below-header-display":"","ast-hfb-mobile-header-display":"","site-post-title":"disabled","ast-breadcrumbs-content":"disabled","ast-featured-img":"disabled","footer-sml-layout":"","ast-disable-related-posts":"","theme-transparent-header-meta":"disabled","adv-header-id-meta":"","stick-header-meta":"","header-above-stick-meta":"","header-main-stick-meta":"","header-below-stick-meta":"","astra-migrate-meta-layouts":"default","ast-page-background-enabled":"default","ast-page-background-meta":{"desktop":{"background-color":"","background-image":"","background-repeat":"repeat","background-position":"center center","background-size":"auto","background-attachment":"scroll","background-type":"","background-media":"","overlay-type":"","overlay-color":"","overlay-opacity":"","overlay-gradient":""},"tablet":{"background-color":"","background-image":"","background-repeat":"repeat","background-position":"center center","background-size":"auto","background-attachment":"scroll","background-type":"","background-media":"","overlay-type":"","overlay-color":"","overlay-opacity":"","overlay-gradient":""},"mobile":{"background-color":"","background-image":"","background-repeat":"repeat","background-position":"center center","background-size":"auto","background-attachment":"scroll","background-type":"","background-media":"","overlay-type":"","overlay-color":"","overlay-opacity":"","overlay-gradient":""}},"ast-content-background-meta":{"desktop":{"background-color":"var(--ast-global-color-5)","background-image":"","background-repeat":"repeat","background-position":"center center","background-size":"auto","background-attachment":"scroll","background-type":"","background-media":"","overlay-type":"","overlay-color":"","overlay-opacity":"","overlay-gradient":""},"tablet":{"background-color":"var(--ast-global-color-5)","background-image":"","background-repeat":"repeat","background-position":"center center","background-size":"auto","background-attachment":"scroll","background-type":"","background-media":"","overlay-type":"","overlay-color":"","overlay-opacity":"","overlay-gradient":""},"mobile":{"background-color":"var(--ast-global-color-5)","background-image":"","background-repeat":"repeat","background-position":"center center","background-size":"auto","background-attachment":"scroll","background-type":"","background-media":"","overlay-type":"","overlay-color":"","overlay-opacity":"","overlay-gradient":""}},"footnotes":""},"class_list":["post-3419","page","type-page","status-publish","hentry"],"_links":{"self":[{"href":"https:\/\/iesprincipe.com\/index.php\/wp-json\/wp\/v2\/pages\/3419","targetHints":{"allow":["GET"]}}],"collection":[{"href":"https:\/\/iesprincipe.com\/index.php\/wp-json\/wp\/v2\/pages"}],"about":[{"href":"https:\/\/iesprincipe.com\/index.php\/wp-json\/wp\/v2\/types\/page"}],"author":[{"embeddable":true,"href":"https:\/\/iesprincipe.com\/index.php\/wp-json\/wp\/v2\/users\/1"}],"replies":[{"embeddable":true,"href":"https:\/\/iesprincipe.com\/index.php\/wp-json\/wp\/v2\/comments?post=3419"}],"version-history":[{"count":42,"href":"https:\/\/iesprincipe.com\/index.php\/wp-json\/wp\/v2\/pages\/3419\/revisions"}],"predecessor-version":[{"id":5128,"href":"https:\/\/iesprincipe.com\/index.php\/wp-json\/wp\/v2\/pages\/3419\/revisions\/5128"}],"wp:attachment":[{"href":"https:\/\/iesprincipe.com\/index.php\/wp-json\/wp\/v2\/media?parent=3419"}],"curies":[{"name":"wp","href":"https:\/\/api.w.org\/{rel}","templated":true}]}}