{"id":2496,"date":"2022-02-08T11:55:30","date_gmt":"2022-02-08T11:55:30","guid":{"rendered":"https:\/\/iesprincipe.com\/?page_id=2496"},"modified":"2023-10-11T10:12:15","modified_gmt":"2023-10-11T10:12:15","slug":"flipa_picame","status":"publish","type":"page","link":"https:\/\/iesprincipe.com\/index.php\/flipa_picame\/","title":{"rendered":"FLIPA_PICAME"},"content":{"rendered":"\t\t<div data-elementor-type=\"wp-page\" data-elementor-id=\"2496\" class=\"elementor elementor-2496\">\n\t\t\t\t\t\t<section class=\"elementor-section elementor-top-section elementor-element elementor-element-2231eb1 elementor-section-height-min-height elementor-section-boxed elementor-section-height-default elementor-section-items-middle\" data-id=\"2231eb1\" data-element_type=\"section\" data-e-type=\"section\" data-settings=\"{&quot;background_background&quot;:&quot;classic&quot;}\">\n\t\t\t\t\t\t\t<div class=\"elementor-background-overlay\"><\/div>\n\t\t\t\t\t\t\t<div class=\"elementor-container elementor-column-gap-no\">\n\t\t\t\t\t<div class=\"elementor-column elementor-col-100 elementor-top-column elementor-element elementor-element-9c2f3ba\" data-id=\"9c2f3ba\" data-element_type=\"column\" data-e-type=\"column\">\n\t\t\t<div class=\"elementor-widget-wrap elementor-element-populated\">\n\t\t\t\t\t\t<div class=\"elementor-element elementor-element-13dd0a4 elementor-widget elementor-widget-heading\" data-id=\"13dd0a4\" data-element_type=\"widget\" data-e-type=\"widget\" data-widget_type=\"heading.default\">\n\t\t\t\t<div class=\"elementor-widget-container\">\n\t\t\t\t\t<h6 class=\"elementor-heading-title elementor-size-default\">\n<\/h6>\t\t\t\t<\/div>\n\t\t\t\t<\/div>\n\t\t\t\t<div class=\"elementor-element elementor-element-4869b40 elementor-widget__width-initial elementor-widget elementor-widget-heading\" data-id=\"4869b40\" data-element_type=\"widget\" data-e-type=\"widget\" data-widget_type=\"heading.default\">\n\t\t\t\t<div class=\"elementor-widget-container\">\n\t\t\t\t\t<h1 class=\"elementor-heading-title elementor-size-default\">PLANES DE LECTURA Y C\u00c1LCULO<\/h1>\t\t\t\t<\/div>\n\t\t\t\t<\/div>\n\t\t\t\t<div class=\"elementor-element elementor-element-142c9ff elementor-widget elementor-widget-text-editor\" data-id=\"142c9ff\" data-element_type=\"widget\" data-e-type=\"widget\" data-widget_type=\"text-editor.default\">\n\t\t\t\t<div class=\"elementor-widget-container\">\n\t\t\t\t\t\t\t\t\t<p>Cada d\u00eda leemos, cada d\u00eda calculamos.<\/p>\t\t\t\t\t\t\t\t<\/div>\n\t\t\t\t<\/div>\n\t\t\t\t\t<\/div>\n\t\t<\/div>\n\t\t\t\t\t<\/div>\n\t\t<\/section>\n\t\t\t\t<section class=\"elementor-section elementor-top-section elementor-element elementor-element-a5849a1 elementor-section-boxed elementor-section-height-default elementor-section-height-default\" data-id=\"a5849a1\" data-element_type=\"section\" data-e-type=\"section\">\n\t\t\t\t\t\t<div class=\"elementor-container elementor-column-gap-default\">\n\t\t\t\t\t<div class=\"elementor-column elementor-col-100 elementor-top-column elementor-element elementor-element-cb54b62\" data-id=\"cb54b62\" data-element_type=\"column\" data-e-type=\"column\">\n\t\t\t<div class=\"elementor-widget-wrap\">\n\t\t\t\t\t\t\t<\/div>\n\t\t<\/div>\n\t\t\t\t\t<\/div>\n\t\t<\/section>\n\t\t\t\t<section class=\"elementor-section elementor-top-section elementor-element elementor-element-21f8a2d3 elementor-section-boxed elementor-section-height-default elementor-section-height-default\" data-id=\"21f8a2d3\" data-element_type=\"section\" data-e-type=\"section\">\n\t\t\t\t\t\t<div class=\"elementor-container elementor-column-gap-default\">\n\t\t\t\t\t<div class=\"elementor-column elementor-col-100 elementor-top-column elementor-element elementor-element-6c21eea3\" data-id=\"6c21eea3\" data-element_type=\"column\" data-e-type=\"column\">\n\t\t\t<div class=\"elementor-widget-wrap elementor-element-populated\">\n\t\t\t\t\t\t<div class=\"elementor-element elementor-element-41eb9d31 elementor-tabs-view-vertical elementor-widget elementor-widget-tabs\" data-id=\"41eb9d31\" data-element_type=\"widget\" data-e-type=\"widget\" data-widget_type=\"tabs.default\">\n\t\t\t\t<div class=\"elementor-widget-container\">\n\t\t\t\t\t\t\t<div class=\"elementor-tabs\">\n\t\t\t<div class=\"elementor-tabs-wrapper\" role=\"tablist\" >\n\t\t\t\t\t\t\t\t\t<div id=\"elementor-tab-title-1101\" class=\"elementor-tab-title elementor-tab-desktop-title\" aria-selected=\"true\" data-tab=\"1\" role=\"tab\" tabindex=\"0\" aria-controls=\"elementor-tab-content-1101\" aria-expanded=\"false\">Leemos con FLIPA<\/div>\n\t\t\t\t\t\t\t\t\t<div id=\"elementor-tab-title-1102\" class=\"elementor-tab-title elementor-tab-desktop-title\" aria-selected=\"false\" data-tab=\"2\" role=\"tab\" tabindex=\"-1\" aria-controls=\"elementor-tab-content-1102\" aria-expanded=\"false\">Calculamos con P\u00cdCAME<\/div>\n\t\t\t\t\t\t\t<\/div>\n\t\t\t<div class=\"elementor-tabs-content-wrapper\" role=\"tablist\" aria-orientation=\"vertical\">\n\t\t\t\t\t\t\t\t\t<div class=\"elementor-tab-title elementor-tab-mobile-title\" aria-selected=\"true\" data-tab=\"1\" role=\"tab\" tabindex=\"0\" aria-controls=\"elementor-tab-content-1101\" aria-expanded=\"false\">Leemos con FLIPA<\/div>\n\t\t\t\t\t<div id=\"elementor-tab-content-1101\" class=\"elementor-tab-content elementor-clearfix\" data-tab=\"1\" role=\"tabpanel\" aria-labelledby=\"elementor-tab-title-1101\" tabindex=\"0\" hidden=\"false\"><p><span style=\"font-weight: 400;\">El plan <strong>FLIPA<\/strong> (<strong>F<\/strong>omento de la <strong>L<\/strong>ectura del <strong>I<\/strong>ES <strong>P<\/strong>r\u00edncipe de <strong>A<\/strong>sturias)\u00a0 incluye numerosas y variadas actividades tales como los encuentros con autores, la gesti\u00f3n de la biblioteca o el desarrollo de un club de lectura, entre otras.<\/span><\/p><p><span style=\"font-weight: 400;\">Dentro del plan destaca el \u201c<strong>FLIPA a 5 por hora<\/strong>\u201d, que es una actividad, asumida por todos los departamentos, que consiste en dedicar a la lectura los cinco primeros minutos de todas las clases. Supone una de las patas m\u00e1s importantes del plan, dado que se contribuye, desde todas las materias, al objetivo de trabajar el h\u00e1bito y el disfrute por la lectura. Al comenzar cada clase, el alumnado saca su libro, acordado con el profesor y, sin nada m\u00e1s sobre su mesa, se pone a leer durante los cinco primeros minutos. Posteriormente y en distintos momentos, el profesor de Lengua realiza los correspondientes seguimientos de la lectura a trav\u00e9s de peque\u00f1as charlas diarias, cuestionarios semanales, clubes de lectura, trabajos variados e incluso mediante los citados encuentros con autor, entre otras herramientas.<\/span><\/p><p><span style=\"font-weight: 400;\">El desarrollo de esta actividad es una cuesti\u00f3n fundamental que repercute directamente en la mejora de destrezas b\u00e1sicas del alumnado como son la comprensi\u00f3n y la expresi\u00f3n ling\u00fc\u00edsticas tanto orales como escritas.<\/span><\/p><\/div>\n\t\t\t\t\t\t\t\t\t<div class=\"elementor-tab-title elementor-tab-mobile-title\" aria-selected=\"false\" data-tab=\"2\" role=\"tab\" tabindex=\"-1\" aria-controls=\"elementor-tab-content-1102\" aria-expanded=\"false\">Calculamos con P\u00cdCAME<\/div>\n\t\t\t\t\t<div id=\"elementor-tab-content-1102\" class=\"elementor-tab-content elementor-clearfix\" data-tab=\"2\" role=\"tabpanel\" aria-labelledby=\"elementor-tab-title-1102\" tabindex=\"0\" hidden=\"hidden\"><p style=\"text-align: center;\" align=\"center\"><b><span style=\"font-size: 16.0pt; line-height: 107%; color: red;\">P<\/span><\/b><b><span style=\"font-size: 16.0pt; line-height: 107%;\">r<span style=\"color: red;\">\u00cd<\/span>ncipe\u00a0<span style=\"color: red;\">CA<\/span>lculo <span style=\"color: red;\">ME<\/span>ntal<\/span><\/b><\/p><p class=\"MsoNormal\" style=\"text-align: center;\" align=\"center\"><b><span style=\"font-size: 16.0pt; line-height: 107%; font-family: 'Cambria Math',serif; color: red;\">\ud835\uded1-<\/span><\/b><b><span style=\"font-size: 16.0pt; line-height: 107%; color: red;\">CAME<\/span><\/b><\/p><p style=\"text-align: center;\" align=\"center\"><b><span style=\"font-size: 16.0pt; line-height: 107%;\">\u00a0<\/span><\/b><\/p><p>P\u00cdCAME es nuestro plan de centro dise\u00f1ado para que los alumnos de ESO y FP B\u00e1sica adquieran pr\u00e1ctica y rapidez en el c\u00e1lculo mental y con ello mejoren su competencia cient\u00edfica.<\/p><p>Cada semana, los profesores de Matem\u00e1ticas programan una serie de actividades de c\u00e1lculo mental que los alumnos realizan durante unos 15 o 20 minutos semanales en sus ordenadores o tablets. Esta actividad va rotando por las horas lectivas del d\u00eda y los d\u00edas de la semana, es decir, cada semana se hace a una hora del d\u00eda, y cuando se llega a la sexta, pasa al d\u00eda siguiente.<\/p><p>El plan busca que los alumnos se \u201cpiquen\u201d con estas actividades, ya que, adem\u00e1s de tenerlas en cuenta en la asignatura de Matem\u00e1ticas, habr\u00e1 un premio para el mejor de cada nivel.<\/p><\/div>\n\t\t\t\t\t\t\t<\/div>\n\t\t<\/div>\n\t\t\t\t\t\t<\/div>\n\t\t\t\t<\/div>\n\t\t\t\t\t<\/div>\n\t\t<\/div>\n\t\t\t\t\t<\/div>\n\t\t<\/section>\n\t\t\t\t<\/div>\n\t\t","protected":false},"excerpt":{"rendered":"<p>PLANES DE LECTURA Y C\u00c1LCULO Cada d\u00eda leemos, cada d\u00eda calculamos. Leemos con FLIPA Calculamos con P\u00cdCAME Leemos con FLIPA El plan FLIPA (Fomento de la Lectura del IES Pr\u00edncipe de Asturias)\u00a0 incluye numerosas y variadas actividades tales como los encuentros con autores, la gesti\u00f3n de la biblioteca o el desarrollo de un club de [&hellip;]<\/p>\n","protected":false},"author":1,"featured_media":0,"parent":0,"menu_order":0,"comment_status":"closed","ping_status":"closed","template":"","meta":{"site-sidebar-layout":"no-sidebar","site-content-layout":"page-builder","ast-site-content-layout":"default","site-content-style":"default","site-sidebar-style":"default","ast-global-header-display":"","ast-banner-title-visibility":"","ast-main-header-display":"","ast-hfb-above-header-display":"","ast-hfb-below-header-display":"","ast-hfb-mobile-header-display":"","site-post-title":"disabled","ast-breadcrumbs-content":"disabled","ast-featured-img":"disabled","footer-sml-layout":"","ast-disable-related-posts":"","theme-transparent-header-meta":"disabled","adv-header-id-meta":"","stick-header-meta":"","header-above-stick-meta":"","header-main-stick-meta":"","header-below-stick-meta":"","astra-migrate-meta-layouts":"default","ast-page-background-enabled":"default","ast-page-background-meta":{"desktop":{"background-color":"","background-image":"","background-repeat":"repeat","background-position":"center center","background-size":"auto","background-attachment":"scroll","background-type":"","background-media":"","overlay-type":"","overlay-color":"","overlay-opacity":"","overlay-gradient":""},"tablet":{"background-color":"","background-image":"","background-repeat":"repeat","background-position":"center center","background-size":"auto","background-attachment":"scroll","background-type":"","background-media":"","overlay-type":"","overlay-color":"","overlay-opacity":"","overlay-gradient":""},"mobile":{"background-color":"","background-image":"","background-repeat":"repeat","background-position":"center center","background-size":"auto","background-attachment":"scroll","background-type":"","background-media":"","overlay-type":"","overlay-color":"","overlay-opacity":"","overlay-gradient":""}},"ast-content-background-meta":{"desktop":{"background-color":"var(--ast-global-color-5)","background-image":"","background-repeat":"repeat","background-position":"center center","background-size":"auto","background-attachment":"scroll","background-type":"","background-media":"","overlay-type":"","overlay-color":"","overlay-opacity":"","overlay-gradient":""},"tablet":{"background-color":"var(--ast-global-color-5)","background-image":"","background-repeat":"repeat","background-position":"center center","background-size":"auto","background-attachment":"scroll","background-type":"","background-media":"","overlay-type":"","overlay-color":"","overlay-opacity":"","overlay-gradient":""},"mobile":{"background-color":"var(--ast-global-color-5)","background-image":"","background-repeat":"repeat","background-position":"center center","background-size":"auto","background-attachment":"scroll","background-type":"","background-media":"","overlay-type":"","overlay-color":"","overlay-opacity":"","overlay-gradient":""}},"footnotes":""},"class_list":["post-2496","page","type-page","status-publish","hentry"],"_links":{"self":[{"href":"https:\/\/iesprincipe.com\/index.php\/wp-json\/wp\/v2\/pages\/2496","targetHints":{"allow":["GET"]}}],"collection":[{"href":"https:\/\/iesprincipe.com\/index.php\/wp-json\/wp\/v2\/pages"}],"about":[{"href":"https:\/\/iesprincipe.com\/index.php\/wp-json\/wp\/v2\/types\/page"}],"author":[{"embeddable":true,"href":"https:\/\/iesprincipe.com\/index.php\/wp-json\/wp\/v2\/users\/1"}],"replies":[{"embeddable":true,"href":"https:\/\/iesprincipe.com\/index.php\/wp-json\/wp\/v2\/comments?post=2496"}],"version-history":[{"count":22,"href":"https:\/\/iesprincipe.com\/index.php\/wp-json\/wp\/v2\/pages\/2496\/revisions"}],"predecessor-version":[{"id":4197,"href":"https:\/\/iesprincipe.com\/index.php\/wp-json\/wp\/v2\/pages\/2496\/revisions\/4197"}],"wp:attachment":[{"href":"https:\/\/iesprincipe.com\/index.php\/wp-json\/wp\/v2\/media?parent=2496"}],"curies":[{"name":"wp","href":"https:\/\/api.w.org\/{rel}","templated":true}]}}