{"id":2183,"date":"2021-12-10T13:23:31","date_gmt":"2021-12-10T13:23:31","guid":{"rendered":"https:\/\/iesprincipe.com\/?page_id=2183"},"modified":"2025-12-16T11:13:22","modified_gmt":"2025-12-16T11:13:22","slug":"profesores-2","status":"publish","type":"page","link":"https:\/\/iesprincipe.com\/index.php\/profesores-2\/","title":{"rendered":"PROFESORES"},"content":{"rendered":"\t\t<div data-elementor-type=\"wp-page\" data-elementor-id=\"2183\" class=\"elementor elementor-2183\">\n\t\t\t\t\t\t<section class=\"elementor-section elementor-top-section elementor-element elementor-element-2231eb1 elementor-section-height-min-height elementor-section-boxed elementor-section-height-default elementor-section-items-middle\" data-id=\"2231eb1\" data-element_type=\"section\" data-e-type=\"section\" data-settings=\"{&quot;background_background&quot;:&quot;classic&quot;}\">\n\t\t\t\t\t\t\t<div class=\"elementor-background-overlay\"><\/div>\n\t\t\t\t\t\t\t<div class=\"elementor-container elementor-column-gap-no\">\n\t\t\t\t\t<div class=\"elementor-column elementor-col-100 elementor-top-column elementor-element elementor-element-9c2f3ba\" data-id=\"9c2f3ba\" data-element_type=\"column\" data-e-type=\"column\">\n\t\t\t<div class=\"elementor-widget-wrap elementor-element-populated\">\n\t\t\t\t\t\t<div class=\"elementor-element elementor-element-4869b40 elementor-widget elementor-widget-heading\" data-id=\"4869b40\" data-element_type=\"widget\" data-e-type=\"widget\" data-widget_type=\"heading.default\">\n\t\t\t\t<div class=\"elementor-widget-container\">\n\t\t\t\t\t<h1 class=\"elementor-heading-title elementor-size-large\">PROFESORES <span><\/span><br><\/h1>\t\t\t\t<\/div>\n\t\t\t\t<\/div>\n\t\t\t\t<div class=\"elementor-element elementor-element-142c9ff elementor-widget elementor-widget-text-editor\" data-id=\"142c9ff\" data-element_type=\"widget\" data-e-type=\"widget\" data-widget_type=\"text-editor.default\">\n\t\t\t\t<div class=\"elementor-widget-container\">\n\t\t\t\t\t\t\t\t\t<p>Nuestros sitios de inter\u00e9s.<\/p>\t\t\t\t\t\t\t\t<\/div>\n\t\t\t\t<\/div>\n\t\t\t\t\t<\/div>\n\t\t<\/div>\n\t\t\t\t\t<\/div>\n\t\t<\/section>\n\t\t\t\t<section class=\"elementor-section elementor-top-section elementor-element elementor-element-a5849a1 elementor-section-boxed elementor-section-height-default elementor-section-height-default\" data-id=\"a5849a1\" data-element_type=\"section\" data-e-type=\"section\">\n\t\t\t\t\t\t<div class=\"elementor-container elementor-column-gap-default\">\n\t\t\t\t\t<div class=\"elementor-column elementor-col-100 elementor-top-column elementor-element elementor-element-cb54b62\" data-id=\"cb54b62\" data-element_type=\"column\" data-e-type=\"column\">\n\t\t\t<div class=\"elementor-widget-wrap elementor-element-populated\">\n\t\t\t\t\t\t<div class=\"elementor-element elementor-element-8676a3c elementor-tabs-view-vertical elementor-widget elementor-widget-tabs\" data-id=\"8676a3c\" data-element_type=\"widget\" data-e-type=\"widget\" data-widget_type=\"tabs.default\">\n\t\t\t\t<div class=\"elementor-widget-container\">\n\t\t\t\t\t\t\t<div class=\"elementor-tabs\">\n\t\t\t<div class=\"elementor-tabs-wrapper\" role=\"tablist\" >\n\t\t\t\t\t\t\t\t\t<div id=\"elementor-tab-title-1401\" class=\"elementor-tab-title elementor-tab-desktop-title\" aria-selected=\"true\" data-tab=\"1\" role=\"tab\" tabindex=\"0\" aria-controls=\"elementor-tab-content-1401\" aria-expanded=\"false\">Aula Virtual<\/div>\n\t\t\t\t\t\t\t\t\t<div id=\"elementor-tab-title-1402\" class=\"elementor-tab-title elementor-tab-desktop-title\" aria-selected=\"false\" data-tab=\"2\" role=\"tab\" tabindex=\"-1\" aria-controls=\"elementor-tab-content-1402\" aria-expanded=\"false\">OFFICE 365<\/div>\n\t\t\t\t\t\t\t\t\t<div id=\"elementor-tab-title-1403\" class=\"elementor-tab-title elementor-tab-desktop-title\" aria-selected=\"false\" data-tab=\"3\" role=\"tab\" tabindex=\"-1\" aria-controls=\"elementor-tab-content-1403\" aria-expanded=\"false\">Incidencias RMI<\/div>\n\t\t\t\t\t\t\t\t\t<div id=\"elementor-tab-title-1404\" class=\"elementor-tab-title elementor-tab-desktop-title\" aria-selected=\"false\" data-tab=\"4\" role=\"tab\" tabindex=\"-1\" aria-controls=\"elementor-tab-content-1404\" aria-expanded=\"false\">Representantes del profesorado en el Consejo Escolar<\/div>\n\t\t\t\t\t\t\t<\/div>\n\t\t\t<div class=\"elementor-tabs-content-wrapper\" role=\"tablist\" aria-orientation=\"vertical\">\n\t\t\t\t\t\t\t\t\t<div class=\"elementor-tab-title elementor-tab-mobile-title\" aria-selected=\"true\" data-tab=\"1\" role=\"tab\" tabindex=\"0\" aria-controls=\"elementor-tab-content-1401\" aria-expanded=\"false\">Aula Virtual<\/div>\n\t\t\t\t\t<div id=\"elementor-tab-content-1401\" class=\"elementor-tab-content elementor-clearfix\" data-tab=\"1\" role=\"tabpanel\" aria-labelledby=\"elementor-tab-title-1401\" tabindex=\"0\" hidden=\"false\"><p><span style=\"font-style: inherit; font-weight: inherit;\">Puedes acceder aqu\u00ed a <\/span><strong style=\"font-style: inherit;\"><a href=\"https:\/\/aulavirtual.murciaeduca.es\/\" target=\"_blank\" rel=\"noopener\">AULA VIRTUAL<\/a><\/strong><span style=\"font-style: inherit; font-weight: inherit;\">, con tu cuenta de @murciaeduca.es<\/span><\/p><\/div>\n\t\t\t\t\t\t\t\t\t<div class=\"elementor-tab-title elementor-tab-mobile-title\" aria-selected=\"false\" data-tab=\"2\" role=\"tab\" tabindex=\"-1\" aria-controls=\"elementor-tab-content-1402\" aria-expanded=\"false\">OFFICE 365<\/div>\n\t\t\t\t\t<div id=\"elementor-tab-content-1402\" class=\"elementor-tab-content elementor-clearfix\" data-tab=\"2\" role=\"tabpanel\" aria-labelledby=\"elementor-tab-title-1402\" tabindex=\"0\" hidden=\"hidden\"><p>La Consejer\u00eda de Educaci\u00f3n facilita el uso de Office 365 a docentes y alumnos en:<a href=\"http:\/\/office.com\" target=\"_blank\" rel=\"noopener\">\u00a0 \u00a0\u00a0<strong>OFFICE.COM<\/strong><\/a><\/p><p>Los\u00a0<strong>docentes<\/strong>\u00a0pueden acceder con su nombre de usuario en @murciaeduca, seguido de\u00a0<em>@aulaxxi.murciaeduca.es<\/em><\/p><p>Ejemplo:\u00a0<em>pepe.perez@aulaxxi.murciaeduca.es<\/em><\/p><p>Los\u00a0<strong>alumnos<\/strong>\u00a0acceden con su N\u00famero Regional de Estudiante (NRE), seguido de\u00a0<em>@alu365.murciaeduca.es<\/em><\/p><p>Ejemplo: <em>12345678910@alu365.murciaeduca.es<\/em><\/p><p><em>\u00a0<\/em><\/p><\/div>\n\t\t\t\t\t\t\t\t\t<div class=\"elementor-tab-title elementor-tab-mobile-title\" aria-selected=\"false\" data-tab=\"3\" role=\"tab\" tabindex=\"-1\" aria-controls=\"elementor-tab-content-1403\" aria-expanded=\"false\">Incidencias RMI<\/div>\n\t\t\t\t\t<div id=\"elementor-tab-content-1403\" class=\"elementor-tab-content elementor-clearfix\" data-tab=\"3\" role=\"tabpanel\" aria-labelledby=\"elementor-tab-title-1403\" tabindex=\"0\" hidden=\"hidden\"><p>Comunica tu incidencia en este <a href=\"https:\/\/docs.google.com\/forms\/d\/e\/1FAIpQLSfP-8f36Av8EwZ7qe6U-n7WmL10idIGn0wuKuq6NxR1gNu_cg\/viewform?vc=0&amp;c=0&amp;w=1\" target=\"_blank\" rel=\"noopener\"><b>ENLACE INCIDENCIA RMI<\/b><\/a><\/p><\/div>\n\t\t\t\t\t\t\t\t\t<div class=\"elementor-tab-title elementor-tab-mobile-title\" aria-selected=\"false\" data-tab=\"4\" role=\"tab\" tabindex=\"-1\" aria-controls=\"elementor-tab-content-1404\" aria-expanded=\"false\">Representantes del profesorado en el Consejo Escolar<\/div>\n\t\t\t\t\t<div id=\"elementor-tab-content-1404\" class=\"elementor-tab-content elementor-clearfix\" data-tab=\"4\" role=\"tabpanel\" aria-labelledby=\"elementor-tab-title-1404\" tabindex=\"0\" hidden=\"hidden\"><p>Los representantes del profesorado en el Consejo Escolar son:<\/p><p><span style=\"font-style: inherit;\">D\u00f1a. FRANCISCA PIERNAS MILL\u00c1N\u00a0\u00a0<\/span><\/p><p><span style=\"font-weight: 400;\">D\u00f1a. ELENA S\u00c1NCHEZ MART\u00cdNEZ\u00a0 \u00a0 \u00a0<\/span><\/p><p><span style=\"font-weight: 400;\">D\u00f1a. BEATRIZ RUIZ MART\u00cdNEZ\u00a0<\/span><\/p><p><span style=\"font-weight: 400;\">D. LUIS S\u00c1NCHEZ CA\u00d1IZARES<\/span><\/p><p>D. JOS\u00c9 TOM\u00c1S R\u00cdOS<span style=\"font-weight: 400;\"><br \/><\/span><\/p><p>D\u00f1a. ELENA S\u00c1NCHEZ MART\u00cdNEZ<\/p><p>D. SALVADOR BAYONAS L\u00d3PEZ<\/p><\/div>\n\t\t\t\t\t\t\t<\/div>\n\t\t<\/div>\n\t\t\t\t\t\t<\/div>\n\t\t\t\t<\/div>\n\t\t\t\t\t<\/div>\n\t\t<\/div>\n\t\t\t\t\t<\/div>\n\t\t<\/section>\n\t\t\t\t<\/div>\n\t\t","protected":false},"excerpt":{"rendered":"<p>PROFESORES Nuestros sitios de inter\u00e9s. Aula Virtual OFFICE 365 Incidencias RMI Representantes del profesorado en el Consejo Escolar Aula Virtual Puedes acceder aqu\u00ed a AULA VIRTUAL, con tu cuenta de @murciaeduca.es OFFICE 365 La Consejer\u00eda de Educaci\u00f3n facilita el uso de Office 365 a docentes y alumnos en:\u00a0 \u00a0\u00a0OFFICE.COM Los\u00a0docentes\u00a0pueden acceder con su nombre de [&hellip;]<\/p>\n","protected":false},"author":1,"featured_media":0,"parent":0,"menu_order":0,"comment_status":"closed","ping_status":"closed","template":"","meta":{"site-sidebar-layout":"no-sidebar","site-content-layout":"page-builder","ast-site-content-layout":"default","site-content-style":"default","site-sidebar-style":"default","ast-global-header-display":"","ast-banner-title-visibility":"","ast-main-header-display":"","ast-hfb-above-header-display":"","ast-hfb-below-header-display":"","ast-hfb-mobile-header-display":"","site-post-title":"disabled","ast-breadcrumbs-content":"disabled","ast-featured-img":"disabled","footer-sml-layout":"","ast-disable-related-posts":"","theme-transparent-header-meta":"disabled","adv-header-id-meta":"","stick-header-meta":"","header-above-stick-meta":"","header-main-stick-meta":"","header-below-stick-meta":"","astra-migrate-meta-layouts":"default","ast-page-background-enabled":"default","ast-page-background-meta":{"desktop":{"background-color":"","background-image":"","background-repeat":"repeat","background-position":"center center","background-size":"auto","background-attachment":"scroll","background-type":"","background-media":"","overlay-type":"","overlay-color":"","overlay-opacity":"","overlay-gradient":""},"tablet":{"background-color":"","background-image":"","background-repeat":"repeat","background-position":"center center","background-size":"auto","background-attachment":"scroll","background-type":"","background-media":"","overlay-type":"","overlay-color":"","overlay-opacity":"","overlay-gradient":""},"mobile":{"background-color":"","background-image":"","background-repeat":"repeat","background-position":"center center","background-size":"auto","background-attachment":"scroll","background-type":"","background-media":"","overlay-type":"","overlay-color":"","overlay-opacity":"","overlay-gradient":""}},"ast-content-background-meta":{"desktop":{"background-color":"var(--ast-global-color-5)","background-image":"","background-repeat":"repeat","background-position":"center center","background-size":"auto","background-attachment":"scroll","background-type":"","background-media":"","overlay-type":"","overlay-color":"","overlay-opacity":"","overlay-gradient":""},"tablet":{"background-color":"var(--ast-global-color-5)","background-image":"","background-repeat":"repeat","background-position":"center center","background-size":"auto","background-attachment":"scroll","background-type":"","background-media":"","overlay-type":"","overlay-color":"","overlay-opacity":"","overlay-gradient":""},"mobile":{"background-color":"var(--ast-global-color-5)","background-image":"","background-repeat":"repeat","background-position":"center center","background-size":"auto","background-attachment":"scroll","background-type":"","background-media":"","overlay-type":"","overlay-color":"","overlay-opacity":"","overlay-gradient":""}},"footnotes":""},"class_list":["post-2183","page","type-page","status-publish","hentry"],"_links":{"self":[{"href":"https:\/\/iesprincipe.com\/index.php\/wp-json\/wp\/v2\/pages\/2183","targetHints":{"allow":["GET"]}}],"collection":[{"href":"https:\/\/iesprincipe.com\/index.php\/wp-json\/wp\/v2\/pages"}],"about":[{"href":"https:\/\/iesprincipe.com\/index.php\/wp-json\/wp\/v2\/types\/page"}],"author":[{"embeddable":true,"href":"https:\/\/iesprincipe.com\/index.php\/wp-json\/wp\/v2\/users\/1"}],"replies":[{"embeddable":true,"href":"https:\/\/iesprincipe.com\/index.php\/wp-json\/wp\/v2\/comments?post=2183"}],"version-history":[{"count":55,"href":"https:\/\/iesprincipe.com\/index.php\/wp-json\/wp\/v2\/pages\/2183\/revisions"}],"predecessor-version":[{"id":5241,"href":"https:\/\/iesprincipe.com\/index.php\/wp-json\/wp\/v2\/pages\/2183\/revisions\/5241"}],"wp:attachment":[{"href":"https:\/\/iesprincipe.com\/index.php\/wp-json\/wp\/v2\/media?parent=2183"}],"curies":[{"name":"wp","href":"https:\/\/api.w.org\/{rel}","templated":true}]}}