{"id":2089,"date":"2021-11-22T12:09:12","date_gmt":"2021-11-22T12:09:12","guid":{"rendered":"https:\/\/iesprincipe.com\/?page_id=2089"},"modified":"2025-12-16T11:55:53","modified_gmt":"2025-12-16T11:55:53","slug":"eso-y-bachillerato","status":"publish","type":"page","link":"https:\/\/iesprincipe.com\/index.php\/eso-y-bachillerato\/","title":{"rendered":"ESO Y BACHILLERATO"},"content":{"rendered":"\t\t<div data-elementor-type=\"wp-page\" data-elementor-id=\"2089\" class=\"elementor elementor-2089\">\n\t\t\t\t\t\t<section class=\"elementor-section elementor-top-section elementor-element elementor-element-2231eb1 elementor-section-height-min-height elementor-section-boxed elementor-section-height-default elementor-section-items-middle\" data-id=\"2231eb1\" data-element_type=\"section\" data-e-type=\"section\" data-settings=\"{&quot;background_background&quot;:&quot;classic&quot;}\">\n\t\t\t\t\t\t\t<div class=\"elementor-background-overlay\"><\/div>\n\t\t\t\t\t\t\t<div class=\"elementor-container elementor-column-gap-no\">\n\t\t\t\t\t<div class=\"elementor-column elementor-col-100 elementor-top-column elementor-element elementor-element-9c2f3ba\" data-id=\"9c2f3ba\" data-element_type=\"column\" data-e-type=\"column\">\n\t\t\t<div class=\"elementor-widget-wrap elementor-element-populated\">\n\t\t\t\t\t\t<div class=\"elementor-element elementor-element-13dd0a4 elementor-widget elementor-widget-heading\" data-id=\"13dd0a4\" data-element_type=\"widget\" data-e-type=\"widget\" data-widget_type=\"heading.default\">\n\t\t\t\t<div class=\"elementor-widget-container\">\n\t\t\t\t\t<h6 class=\"elementor-heading-title elementor-size-default\">\n<\/h6>\t\t\t\t<\/div>\n\t\t\t\t<\/div>\n\t\t\t\t<div class=\"elementor-element elementor-element-4869b40 elementor-widget elementor-widget-heading\" data-id=\"4869b40\" data-element_type=\"widget\" data-e-type=\"widget\" data-widget_type=\"heading.default\">\n\t\t\t\t<div class=\"elementor-widget-container\">\n\t\t\t\t\t<h1 class=\"elementor-heading-title elementor-size-default\">\u00a1Ven al Pr\u00edncipe!<\/h1>\t\t\t\t<\/div>\n\t\t\t\t<\/div>\n\t\t\t\t<div class=\"elementor-element elementor-element-142c9ff elementor-widget elementor-widget-text-editor\" data-id=\"142c9ff\" data-element_type=\"widget\" data-e-type=\"widget\" data-widget_type=\"text-editor.default\">\n\t\t\t\t<div class=\"elementor-widget-container\">\n\t\t\t\t\t\t\t\t\t<p>Educamos, colaboramos, aprendemos.<\/p>\t\t\t\t\t\t\t\t<\/div>\n\t\t\t\t<\/div>\n\t\t\t\t\t<\/div>\n\t\t<\/div>\n\t\t\t\t\t<\/div>\n\t\t<\/section>\n\t\t\t\t<section class=\"elementor-section elementor-top-section elementor-element elementor-element-a5849a1 elementor-section-boxed elementor-section-height-default elementor-section-height-default\" data-id=\"a5849a1\" data-element_type=\"section\" data-e-type=\"section\">\n\t\t\t\t\t\t<div class=\"elementor-container elementor-column-gap-default\">\n\t\t\t\t\t<div class=\"elementor-column elementor-col-100 elementor-top-column elementor-element elementor-element-cb54b62\" data-id=\"cb54b62\" data-element_type=\"column\" data-e-type=\"column\">\n\t\t\t<div class=\"elementor-widget-wrap\">\n\t\t\t\t\t\t\t<\/div>\n\t\t<\/div>\n\t\t\t\t\t<\/div>\n\t\t<\/section>\n\t\t\t\t<section class=\"elementor-section elementor-top-section elementor-element elementor-element-21f8a2d3 elementor-section-boxed elementor-section-height-default elementor-section-height-default\" data-id=\"21f8a2d3\" data-element_type=\"section\" data-e-type=\"section\">\n\t\t\t\t\t\t<div class=\"elementor-container elementor-column-gap-default\">\n\t\t\t\t\t<div class=\"elementor-column elementor-col-100 elementor-top-column elementor-element elementor-element-6c21eea3\" data-id=\"6c21eea3\" data-element_type=\"column\" data-e-type=\"column\">\n\t\t\t<div class=\"elementor-widget-wrap elementor-element-populated\">\n\t\t\t\t\t\t<div class=\"elementor-element elementor-element-41eb9d31 elementor-tabs-view-vertical elementor-widget elementor-widget-tabs\" data-id=\"41eb9d31\" data-element_type=\"widget\" data-e-type=\"widget\" data-widget_type=\"tabs.default\">\n\t\t\t\t<div class=\"elementor-widget-container\">\n\t\t\t\t\t\t\t<div class=\"elementor-tabs\">\n\t\t\t<div class=\"elementor-tabs-wrapper\" role=\"tablist\" >\n\t\t\t\t\t\t\t\t\t<div id=\"elementor-tab-title-1101\" class=\"elementor-tab-title elementor-tab-desktop-title\" aria-selected=\"true\" data-tab=\"1\" role=\"tab\" tabindex=\"0\" aria-controls=\"elementor-tab-content-1101\" aria-expanded=\"false\">ESO<\/div>\n\t\t\t\t\t\t\t\t\t<div id=\"elementor-tab-title-1102\" class=\"elementor-tab-title elementor-tab-desktop-title\" aria-selected=\"false\" data-tab=\"2\" role=\"tab\" tabindex=\"-1\" aria-controls=\"elementor-tab-content-1102\" aria-expanded=\"false\">BACHILLERATO<\/div>\n\t\t\t\t\t\t\t\t\t<div id=\"elementor-tab-title-1103\" class=\"elementor-tab-title elementor-tab-desktop-title\" aria-selected=\"false\" data-tab=\"3\" role=\"tab\" tabindex=\"-1\" aria-controls=\"elementor-tab-content-1103\" aria-expanded=\"false\">SISTEMA DE  ENSE\u00d1ANZA EN LENGUAS EXTRANJERAS<\/div>\n\t\t\t\t\t\t\t\t\t<div id=\"elementor-tab-title-1104\" class=\"elementor-tab-title elementor-tab-desktop-title\" aria-selected=\"false\" data-tab=\"4\" role=\"tab\" tabindex=\"-1\" aria-controls=\"elementor-tab-content-1104\" aria-expanded=\"false\">CENTRO DIGITAL AVANZADO<\/div>\n\t\t\t\t\t\t\t<\/div>\n\t\t\t<div class=\"elementor-tabs-content-wrapper\" role=\"tablist\" aria-orientation=\"vertical\">\n\t\t\t\t\t\t\t\t\t<div class=\"elementor-tab-title elementor-tab-mobile-title\" aria-selected=\"true\" data-tab=\"1\" role=\"tab\" tabindex=\"0\" aria-controls=\"elementor-tab-content-1101\" aria-expanded=\"false\">ESO<\/div>\n\t\t\t\t\t<div id=\"elementor-tab-content-1101\" class=\"elementor-tab-content elementor-clearfix\" data-tab=\"1\" role=\"tabpanel\" aria-labelledby=\"elementor-tab-title-1101\" tabindex=\"0\" hidden=\"false\"><p>Nuestro centro cuenta este curso 25\/26 con:<\/p><p>1\u00ba ESO. 6 unidades, distribuidas en 7 grupos.<\/p><p>2\u00ba ESO. 7 unidades, distribuidas en 8 grupos.<\/p><p>3\u00ba ESO. 6 unidades<\/p><p>4\u00ba ESO . 6 unidades<\/p><\/div>\n\t\t\t\t\t\t\t\t\t<div class=\"elementor-tab-title elementor-tab-mobile-title\" aria-selected=\"false\" data-tab=\"2\" role=\"tab\" tabindex=\"-1\" aria-controls=\"elementor-tab-content-1102\" aria-expanded=\"false\">BACHILLERATO<\/div>\n\t\t\t\t\t<div id=\"elementor-tab-content-1102\" class=\"elementor-tab-content elementor-clearfix\" data-tab=\"2\" role=\"tabpanel\" aria-labelledby=\"elementor-tab-title-1102\" tabindex=\"0\" hidden=\"hidden\"><p>En este curso 2023\/24 disponemos de:<\/p><p>1\u00ba BACHILLERATO. 3 unidades (Ciencias y Humanidades)<\/p><p>2\u00ba BACHILLERATO. 3 unidades (Ciencias y Humanidades)<\/p><\/div>\n\t\t\t\t\t\t\t\t\t<div class=\"elementor-tab-title elementor-tab-mobile-title\" aria-selected=\"false\" data-tab=\"3\" role=\"tab\" tabindex=\"-1\" aria-controls=\"elementor-tab-content-1103\" aria-expanded=\"false\">SISTEMA DE  ENSE\u00d1ANZA EN LENGUAS EXTRANJERAS<\/div>\n\t\t\t\t\t<div id=\"elementor-tab-content-1103\" class=\"elementor-tab-content elementor-clearfix\" data-tab=\"3\" role=\"tabpanel\" aria-labelledby=\"elementor-tab-title-1103\" tabindex=\"0\" hidden=\"hidden\"><p><span style=\"font-style: inherit; font-weight: inherit;\">\u00a0 \u00a0 \u00a0 \u00a0 \u00a0 \u00a0 \u00a0 \u00a0 \u00a0 \u00a0 \u00a0\u00a0<\/span><\/p><p>Nuestro programa biling\u00fce en ingl\u00e9s comenz\u00f3 el curso 2017-18.\u00a0<\/p><p>Durante el curso 2023-24 las ANL (asignaturas no ling\u00fc\u00edsticas ) que forman parte del programa biling\u00fce de profundizaci\u00f3n son:<\/p><p>CURSO ASIGNATURA NO LING\u00dc\u00cdSTICA<br \/><strong>1\u00ba ESO<\/strong> Tecnolog\u00eda y Educaci\u00f3n F\u00edsica.<br \/><strong>2\u00ba ESO<\/strong> F\u00edsica y Qu\u00edmica y Educaci\u00f3n F\u00edsica.<br \/><strong>3\u00ba ESO<\/strong> Tecnolog\u00eda, Educaci\u00f3n F\u00edsica y F\u00edsica y Qu\u00edmica.\u00a0<br \/><strong>4\u00ba ESO<\/strong> Digitalizaci\u00f3n y una de las siguientes optativas: Proyecto de Investigaci\u00f3n Cient\u00edfica\/ Educaci\u00f3n Financiera.<\/p><p>Nuestro centro ha contado desde el curso escolar <strong>2017-18<\/strong> con un <strong>auxiliar de conversaci\u00f3n<\/strong> de la lengua extranjera correspondiente, que contribuir\u00e1 favorablemente al desarrollo del Programa. Los auxiliares deber\u00e1n tener el idioma objeto del Programa como lengua materna o vehicular y estar realizando, o haber realizado, estudios universitarios. Los alumnos se ven expuestos a personas nativas de otros pa\u00edses, conociendo su cultura, sus costumbres, y contando de primera mano sus vivencias en dichos pa\u00edses. Hasta la fecha hemos tenido una auxiliar de conversaci\u00f3n escocesa, otro auxiliar de conversaci\u00f3n australiano, otro auxiliar de la India, otro de Miami y este curso de Irlanda.<\/p><p>Hemos desarrollado numerosas actividades extraescolares, como el <strong>ESCAPE<\/strong> <strong>ROOM<\/strong>\u00a0 en Halloween, el <strong>GOT TALENT<\/strong> para Navidad, los dos <strong>PRINCIPE<\/strong> <strong>FREE TOURS<\/strong> para 3\u00ba y 4\u00ba de ESO, as\u00ed como las <strong>dos yincanas<\/strong> para 1\u00ba y 2\u00ba ESO en el castillo de Lorca buscando pruebas para descubrir el nombre de un profesor del centro. La participaci\u00f3n en un <strong>taller de doblaje<\/strong> con nuestros alumnos de 4\u00ba ESO.<\/p><p>En 2\u00ba ESO realizan una <strong>inmersi\u00f3n ling\u00fc\u00edstica en Espa\u00f1a<\/strong> (Ri\u00f3par, Puntas de Calnegre) y en 3\u00ba ESO una <strong>inmersi\u00f3n ling\u00fc\u00edstica en el extranjero<\/strong> (Worthing, Edimburgh..)<\/p><p>Nuestros alumnos han participado en los distintos proyectos <strong>Erasmus+<\/strong> y en varios <strong>intercambios<\/strong> a Dinamarca. <br \/>Se han presentado y han conseguido certificaciones de los niveles B1 , B2 y C1 que organiza la Consejer\u00eda.<\/p><\/div>\n\t\t\t\t\t\t\t\t\t<div class=\"elementor-tab-title elementor-tab-mobile-title\" aria-selected=\"false\" data-tab=\"4\" role=\"tab\" tabindex=\"-1\" aria-controls=\"elementor-tab-content-1104\" aria-expanded=\"false\">CENTRO DIGITAL AVANZADO<\/div>\n\t\t\t\t\t<div id=\"elementor-tab-content-1104\" class=\"elementor-tab-content elementor-clearfix\" data-tab=\"4\" role=\"tabpanel\" aria-labelledby=\"elementor-tab-title-1104\" tabindex=\"0\" hidden=\"hidden\"><p>Desde hace muchos a\u00f1os, nuestro centro forma parte del programa <a href=\"https:\/\/programaseducativos.es\/programa\/centros-digitales\/\" target=\"_blank\" rel=\"noopener\"><strong>CENTROS DIGITALES<\/strong><\/a> de la CARM, en la modalidad avanzada.<\/p><p>La totalidad de nuestras aulas est\u00e1n equipadas con pizarras digitales o monitores interactivos, ordenadores, ca\u00f1\u00f3n si es necesario, etc. y los alumnos que se incorporan al centro reciben sesiones formativas las primeras semanas del curso para poder adaptarse a este estilo de aprendizaje.<\/p><p>El uso de libros digitales o materiales propios es generalizado en casi todas las materias, y los alumnos est\u00e1n conectados con el profesorado a trav\u00e9s de las plataformas oficiales Aula XXI y Google Suite.<\/p><\/div>\n\t\t\t\t\t\t\t<\/div>\n\t\t<\/div>\n\t\t\t\t\t\t<\/div>\n\t\t\t\t<\/div>\n\t\t\t\t\t<\/div>\n\t\t<\/div>\n\t\t\t\t\t<\/div>\n\t\t<\/section>\n\t\t\t\t<\/div>\n\t\t","protected":false},"excerpt":{"rendered":"<p>\u00a1Ven al Pr\u00edncipe! Educamos, colaboramos, aprendemos. ESO BACHILLERATO SISTEMA DE ENSE\u00d1ANZA EN LENGUAS EXTRANJERAS CENTRO DIGITAL AVANZADO ESO Nuestro centro cuenta este curso 25\/26 con: 1\u00ba ESO. 6 unidades, distribuidas en 7 grupos. 2\u00ba ESO. 7 unidades, distribuidas en 8 grupos. 3\u00ba ESO. 6 unidades 4\u00ba ESO . 6 unidades BACHILLERATO En este curso 2023\/24 [&hellip;]<\/p>\n","protected":false},"author":1,"featured_media":0,"parent":0,"menu_order":0,"comment_status":"closed","ping_status":"closed","template":"","meta":{"site-sidebar-layout":"no-sidebar","site-content-layout":"page-builder","ast-site-content-layout":"default","site-content-style":"default","site-sidebar-style":"default","ast-global-header-display":"","ast-banner-title-visibility":"","ast-main-header-display":"","ast-hfb-above-header-display":"","ast-hfb-below-header-display":"","ast-hfb-mobile-header-display":"","site-post-title":"disabled","ast-breadcrumbs-content":"disabled","ast-featured-img":"disabled","footer-sml-layout":"","ast-disable-related-posts":"","theme-transparent-header-meta":"disabled","adv-header-id-meta":"","stick-header-meta":"","header-above-stick-meta":"","header-main-stick-meta":"","header-below-stick-meta":"","astra-migrate-meta-layouts":"default","ast-page-background-enabled":"default","ast-page-background-meta":{"desktop":{"background-color":"","background-image":"","background-repeat":"repeat","background-position":"center center","background-size":"auto","background-attachment":"scroll","background-type":"","background-media":"","overlay-type":"","overlay-color":"","overlay-opacity":"","overlay-gradient":""},"tablet":{"background-color":"","background-image":"","background-repeat":"repeat","background-position":"center center","background-size":"auto","background-attachment":"scroll","background-type":"","background-media":"","overlay-type":"","overlay-color":"","overlay-opacity":"","overlay-gradient":""},"mobile":{"background-color":"","background-image":"","background-repeat":"repeat","background-position":"center center","background-size":"auto","background-attachment":"scroll","background-type":"","background-media":"","overlay-type":"","overlay-color":"","overlay-opacity":"","overlay-gradient":""}},"ast-content-background-meta":{"desktop":{"background-color":"var(--ast-global-color-5)","background-image":"","background-repeat":"repeat","background-position":"center center","background-size":"auto","background-attachment":"scroll","background-type":"","background-media":"","overlay-type":"","overlay-color":"","overlay-opacity":"","overlay-gradient":""},"tablet":{"background-color":"var(--ast-global-color-5)","background-image":"","background-repeat":"repeat","background-position":"center center","background-size":"auto","background-attachment":"scroll","background-type":"","background-media":"","overlay-type":"","overlay-color":"","overlay-opacity":"","overlay-gradient":""},"mobile":{"background-color":"var(--ast-global-color-5)","background-image":"","background-repeat":"repeat","background-position":"center center","background-size":"auto","background-attachment":"scroll","background-type":"","background-media":"","overlay-type":"","overlay-color":"","overlay-opacity":"","overlay-gradient":""}},"footnotes":""},"class_list":["post-2089","page","type-page","status-publish","hentry"],"_links":{"self":[{"href":"https:\/\/iesprincipe.com\/index.php\/wp-json\/wp\/v2\/pages\/2089","targetHints":{"allow":["GET"]}}],"collection":[{"href":"https:\/\/iesprincipe.com\/index.php\/wp-json\/wp\/v2\/pages"}],"about":[{"href":"https:\/\/iesprincipe.com\/index.php\/wp-json\/wp\/v2\/types\/page"}],"author":[{"embeddable":true,"href":"https:\/\/iesprincipe.com\/index.php\/wp-json\/wp\/v2\/users\/1"}],"replies":[{"embeddable":true,"href":"https:\/\/iesprincipe.com\/index.php\/wp-json\/wp\/v2\/comments?post=2089"}],"version-history":[{"count":52,"href":"https:\/\/iesprincipe.com\/index.php\/wp-json\/wp\/v2\/pages\/2089\/revisions"}],"predecessor-version":[{"id":5248,"href":"https:\/\/iesprincipe.com\/index.php\/wp-json\/wp\/v2\/pages\/2089\/revisions\/5248"}],"wp:attachment":[{"href":"https:\/\/iesprincipe.com\/index.php\/wp-json\/wp\/v2\/media?parent=2089"}],"curies":[{"name":"wp","href":"https:\/\/api.w.org\/{rel}","templated":true}]}}