{"id":1915,"date":"2021-11-11T10:32:49","date_gmt":"2021-11-11T10:32:49","guid":{"rendered":"https:\/\/iesprincipe.com\/?page_id=1915"},"modified":"2026-02-06T12:02:33","modified_gmt":"2026-02-06T12:02:33","slug":"principedia","status":"publish","type":"page","link":"https:\/\/iesprincipe.com\/index.php\/principedia\/","title":{"rendered":"PRINCIPEDIA"},"content":{"rendered":"\t\t<div data-elementor-type=\"wp-page\" data-elementor-id=\"1915\" class=\"elementor elementor-1915\">\n\t\t\t\t\t\t<section class=\"elementor-section elementor-top-section elementor-element elementor-element-2231eb1 elementor-section-height-min-height elementor-section-boxed elementor-section-height-default elementor-section-items-middle\" data-id=\"2231eb1\" data-element_type=\"section\" data-e-type=\"section\" data-settings=\"{&quot;background_background&quot;:&quot;classic&quot;}\">\n\t\t\t\t\t\t\t<div class=\"elementor-background-overlay\"><\/div>\n\t\t\t\t\t\t\t<div class=\"elementor-container elementor-column-gap-no\">\n\t\t\t\t\t<div class=\"elementor-column elementor-col-100 elementor-top-column elementor-element elementor-element-9c2f3ba\" data-id=\"9c2f3ba\" data-element_type=\"column\" data-e-type=\"column\">\n\t\t\t<div class=\"elementor-widget-wrap elementor-element-populated\">\n\t\t\t\t\t\t<div class=\"elementor-element elementor-element-4869b40 elementor-widget elementor-widget-heading\" data-id=\"4869b40\" data-element_type=\"widget\" data-e-type=\"widget\" data-widget_type=\"heading.default\">\n\t\t\t\t<div class=\"elementor-widget-container\">\n\t\t\t\t\t<h1 class=\"elementor-heading-title elementor-size-large\">La PRINCIPEDIA <span><\/span><br><\/h1>\t\t\t\t<\/div>\n\t\t\t\t<\/div>\n\t\t\t\t<div class=\"elementor-element elementor-element-142c9ff elementor-widget elementor-widget-text-editor\" data-id=\"142c9ff\" data-element_type=\"widget\" data-e-type=\"widget\" data-widget_type=\"text-editor.default\">\n\t\t\t\t<div class=\"elementor-widget-container\">\n\t\t\t\t\t\t\t\t\t<p>Nuestros Sitios Web.<\/p>\t\t\t\t\t\t\t\t<\/div>\n\t\t\t\t<\/div>\n\t\t\t\t\t<\/div>\n\t\t<\/div>\n\t\t\t\t\t<\/div>\n\t\t<\/section>\n\t\t\t\t<section class=\"elementor-section elementor-top-section elementor-element elementor-element-a5849a1 elementor-section-boxed elementor-section-height-default elementor-section-height-default\" data-id=\"a5849a1\" data-element_type=\"section\" data-e-type=\"section\">\n\t\t\t\t\t\t<div class=\"elementor-container elementor-column-gap-default\">\n\t\t\t\t\t<div class=\"elementor-column elementor-col-100 elementor-top-column elementor-element elementor-element-cb54b62\" data-id=\"cb54b62\" data-element_type=\"column\" data-e-type=\"column\">\n\t\t\t<div class=\"elementor-widget-wrap elementor-element-populated\">\n\t\t\t\t\t\t<div class=\"elementor-element elementor-element-8676a3c elementor-tabs-view-vertical elementor-widget elementor-widget-tabs\" data-id=\"8676a3c\" data-element_type=\"widget\" data-e-type=\"widget\" data-widget_type=\"tabs.default\">\n\t\t\t\t<div class=\"elementor-widget-container\">\n\t\t\t\t\t\t\t<div class=\"elementor-tabs\">\n\t\t\t<div class=\"elementor-tabs-wrapper\" role=\"tablist\" >\n\t\t\t\t\t\t\t\t\t<div id=\"elementor-tab-title-1401\" class=\"elementor-tab-title elementor-tab-desktop-title\" aria-selected=\"true\" data-tab=\"1\" role=\"tab\" tabindex=\"0\" aria-controls=\"elementor-tab-content-1401\" aria-expanded=\"false\">La PRINCIPEDIA<\/div>\n\t\t\t\t\t\t\t\t\t<div id=\"elementor-tab-title-1402\" class=\"elementor-tab-title elementor-tab-desktop-title\" aria-selected=\"false\" data-tab=\"2\" role=\"tab\" tabindex=\"-1\" aria-controls=\"elementor-tab-content-1402\" aria-expanded=\"false\">PROYECTO ASPA (Curso  23\/24)<\/div>\n\t\t\t\t\t\t\t\t\t<div id=\"elementor-tab-title-1403\" class=\"elementor-tab-title elementor-tab-desktop-title\" aria-selected=\"false\" data-tab=\"3\" role=\"tab\" tabindex=\"-1\" aria-controls=\"elementor-tab-content-1403\" aria-expanded=\"false\">LENGUA<\/div>\n\t\t\t\t\t\t\t\t\t<div id=\"elementor-tab-title-1404\" class=\"elementor-tab-title elementor-tab-desktop-title\" aria-selected=\"false\" data-tab=\"4\" role=\"tab\" tabindex=\"-1\" aria-controls=\"elementor-tab-content-1404\" aria-expanded=\"false\">EDUCACI\u00d3N F\u00cdSICA<\/div>\n\t\t\t\t\t\t\t\t\t<div id=\"elementor-tab-title-1405\" class=\"elementor-tab-title elementor-tab-desktop-title\" aria-selected=\"false\" data-tab=\"5\" role=\"tab\" tabindex=\"-1\" aria-controls=\"elementor-tab-content-1405\" aria-expanded=\"false\">INGL\u00c9S<\/div>\n\t\t\t\t\t\t\t\t\t<div id=\"elementor-tab-title-1406\" class=\"elementor-tab-title elementor-tab-desktop-title\" aria-selected=\"false\" data-tab=\"6\" role=\"tab\" tabindex=\"-1\" aria-controls=\"elementor-tab-content-1406\" aria-expanded=\"false\">TECNOLOG\u00cdA<\/div>\n\t\t\t\t\t\t\t\t\t<div id=\"elementor-tab-title-1407\" class=\"elementor-tab-title elementor-tab-desktop-title\" aria-selected=\"false\" data-tab=\"7\" role=\"tab\" tabindex=\"-1\" aria-controls=\"elementor-tab-content-1407\" aria-expanded=\"false\">COMERCIO<\/div>\n\t\t\t\t\t\t\t\t\t<div id=\"elementor-tab-title-1408\" class=\"elementor-tab-title elementor-tab-desktop-title\" aria-selected=\"false\" data-tab=\"8\" role=\"tab\" tabindex=\"-1\" aria-controls=\"elementor-tab-content-1408\" aria-expanded=\"false\">ECONOM\u00cdA<\/div>\n\t\t\t\t\t\t\t<\/div>\n\t\t\t<div class=\"elementor-tabs-content-wrapper\" role=\"tablist\" aria-orientation=\"vertical\">\n\t\t\t\t\t\t\t\t\t<div class=\"elementor-tab-title elementor-tab-mobile-title\" aria-selected=\"true\" data-tab=\"1\" role=\"tab\" tabindex=\"0\" aria-controls=\"elementor-tab-content-1401\" aria-expanded=\"false\">La PRINCIPEDIA<\/div>\n\t\t\t\t\t<div id=\"elementor-tab-content-1401\" class=\"elementor-tab-content elementor-clearfix\" data-tab=\"1\" role=\"tabpanel\" aria-labelledby=\"elementor-tab-title-1401\" tabindex=\"0\" hidden=\"false\"><p>Queremos recopilar en esta secci\u00f3n toda la informaci\u00f3n que los\u00a0 departamentos del Pr\u00edncipe y sus profesores a nivel particular han elaborado y comparten en sus webs propias y\/o redes sociales, relacionadas con las materias que imparten.<\/p><p>El centro dispone en su Aula Virtual de un curso para todos los alumnos del centro en el que se puede acceder a toda la informaci\u00f3n para la recuperaci\u00f3n de pendientes y a los criterios de calificaciones y programaciones de los departamentos.<\/p><p>Puedes acceder aqu\u00ed a <strong><a href=\"https:\/\/aulavirtual.murciaeduca.es\/\" target=\"_blank\" rel=\"noopener\">AULA VIRTUAL<\/a><\/strong>, con tu cuenta de @alu.murciaeduca.es<\/p><\/div>\n\t\t\t\t\t\t\t\t\t<div class=\"elementor-tab-title elementor-tab-mobile-title\" aria-selected=\"false\" data-tab=\"2\" role=\"tab\" tabindex=\"-1\" aria-controls=\"elementor-tab-content-1402\" aria-expanded=\"false\">PROYECTO ASPA (Curso  23\/24)<\/div>\n\t\t\t\t\t<div id=\"elementor-tab-content-1402\" class=\"elementor-tab-content elementor-clearfix\" data-tab=\"2\" role=\"tabpanel\" aria-labelledby=\"elementor-tab-title-1402\" tabindex=\"0\" hidden=\"hidden\"><p>Haz click en el enlace de abajo para acceder al PROYECTO ASPA, realizado por y para los alumnos de 2\u00ba ESO G durante el curso 23\/24.<\/p><p><a href=\"https:\/\/sites.google.com\/murciaeduca.es\/aspa-iesprincipedeasturias?usp=sharing\" target=\"_blank\" rel=\"noopener\">Este es el sitio del Proyecto ASPA<\/a><\/p><\/div>\n\t\t\t\t\t\t\t\t\t<div class=\"elementor-tab-title elementor-tab-mobile-title\" aria-selected=\"false\" data-tab=\"3\" role=\"tab\" tabindex=\"-1\" aria-controls=\"elementor-tab-content-1403\" aria-expanded=\"false\">LENGUA<\/div>\n\t\t\t\t\t<div id=\"elementor-tab-content-1403\" class=\"elementor-tab-content elementor-clearfix\" data-tab=\"3\" role=\"tabpanel\" aria-labelledby=\"elementor-tab-title-1403\" tabindex=\"0\" hidden=\"hidden\"><p><b>Jos\u00e9 Tom\u00e1s R\u00edos<\/b><\/p><p><span style=\"font-style: inherit; font-weight: inherit;\">Site: <\/span><a style=\"font-style: inherit; font-weight: inherit; background-color: #ffffff;\" href=\"https:\/\/sites.google.com\/murciaeduca.es\/lenguaycorto\/p%C3%A1gina-principal\">Lengua y Corto<\/a><\/p><p>Blog: <a href=\"http:\/\/lenguaycorto.blogspot.com\/?m=1\">Lengua y Corto<\/a><\/p><p>YouTube: <a href=\"https:\/\/m.youtube.com\/channel\/UC1kGVuNWCkyaFLmc15UCmXA\" target=\"_blank\" rel=\"noopener\">Lengua y Corto<\/a><\/p><p>Instagram : @lenguaycorto<\/p><p><b>Adoraci\u00f3n Gim\u00e9nez Gonz\u00e1lez\u00a0<\/b><\/p><p>Site: <a href=\"https:\/\/sites.google.com\/d\/1cT1LiHSJ8_EckA2Z_i34g2H-cFHqpMM-\/edit?ouid=108215126192008343332\" target=\"_blank\" rel=\"noopener\">Toca Lengua con Dorito<\/a><\/p><p>Youtube: <a href=\"https:\/\/youtube.com\/channel\/UCsqBF1yntJkbkp8IwuGhSug\" target=\"_blank\" rel=\"noopener\">Toca Lengua con Dorito<\/a>\u00a0<\/p><p>Instagram: <a href=\"https:\/\/instagram.com\/tocalenguacondorito?utm_medium=copy_link\" target=\"_blank\" rel=\"noopener\">Toca Lengua con Dorito<\/a><\/p><\/div>\n\t\t\t\t\t\t\t\t\t<div class=\"elementor-tab-title elementor-tab-mobile-title\" aria-selected=\"false\" data-tab=\"4\" role=\"tab\" tabindex=\"-1\" aria-controls=\"elementor-tab-content-1404\" aria-expanded=\"false\">EDUCACI\u00d3N F\u00cdSICA<\/div>\n\t\t\t\t\t<div id=\"elementor-tab-content-1404\" class=\"elementor-tab-content elementor-clearfix\" data-tab=\"4\" role=\"tabpanel\" aria-labelledby=\"elementor-tab-title-1404\" tabindex=\"0\" hidden=\"hidden\"><p><b>Ra\u00fal Mart\u00ednez D\u00edaz<\/b><\/p><p><span style=\"font-style: inherit; font-weight: inherit;\">Blog: <\/span><a style=\"font-style: inherit; font-weight: inherit; background-color: #ffffff;\" href=\"http:\/\/raulmartinez2ef.wixsite.com\/blog\" target=\"_blank\" rel=\"noopener\">Educaci\u00f3n F\u00edsica<\/a><\/p><p>Instagram: @raulmartinez2ef<\/p><p>Twitter: @raulmartinez2ef<\/p><\/div>\n\t\t\t\t\t\t\t\t\t<div class=\"elementor-tab-title elementor-tab-mobile-title\" aria-selected=\"false\" data-tab=\"5\" role=\"tab\" tabindex=\"-1\" aria-controls=\"elementor-tab-content-1405\" aria-expanded=\"false\">INGL\u00c9S<\/div>\n\t\t\t\t\t<div id=\"elementor-tab-content-1405\" class=\"elementor-tab-content elementor-clearfix\" data-tab=\"5\" role=\"tabpanel\" aria-labelledby=\"elementor-tab-title-1405\" tabindex=\"0\" hidden=\"hidden\"><p><b>Carmen de Paco Mart\u00ednez<\/b><\/p><p>Instagram:\u00a0@la_ticher_carmen<\/p><p style=\"font-size: 15px; font-style: normal; font-weight: 400;\"><span style=\"font-weight: bold;\">M\u00aa Huertas Garc\u00eda Murcia<\/span><\/p><p style=\"font-size: 15px; font-style: normal; font-weight: 400;\">Instagram:\u00a0@marihuertasprof<\/p><\/div>\n\t\t\t\t\t\t\t\t\t<div class=\"elementor-tab-title elementor-tab-mobile-title\" aria-selected=\"false\" data-tab=\"6\" role=\"tab\" tabindex=\"-1\" aria-controls=\"elementor-tab-content-1406\" aria-expanded=\"false\">TECNOLOG\u00cdA<\/div>\n\t\t\t\t\t<div id=\"elementor-tab-content-1406\" class=\"elementor-tab-content elementor-clearfix\" data-tab=\"6\" role=\"tabpanel\" aria-labelledby=\"elementor-tab-title-1406\" tabindex=\"0\" hidden=\"hidden\"><p><b>Antonio Manuel D\u00edaz Rodr\u00edguez<\/b><\/p><p>Site: <a href=\"https:\/\/sites.google.com\/murciaeduca.es\/tecnologia-robotica-y-tic\/p%C3%A1gina-principal\" target=\"_blank\" rel=\"noopener\">El sitio de Antonio M. D\u00edaz Rodr\u00edguez<\/a><\/p><p>Blog: <a href=\"https:\/\/tecnologiayroboticasxxi.blogspot.com\/\" target=\"_blank\" rel=\"noopener\">Tecnolog\u00eda y Rob\u00f3tica<\/a><\/p><div>\u00a0<\/div><div>\u00a0<\/div><div>DIGITALIZACI\u00d3N 4\u00ba ESO:\u00a0<a href=\"https:\/\/aula21-my.sharepoint.com\/:b:\/g\/personal\/iluminada_martinez5_aulaxxi_murciaeduca_es\/EXlu_OFcC39Hh9tlJlDp92AB_R48LmKhqPajFiiwa3MaGw?e=OVBe3u\" target=\"_blank\" rel=\"noopener\" data-saferedirecturl=\"https:\/\/www.google.com\/url?q=https:\/\/aula21-my.sharepoint.com\/:b:\/g\/personal\/iluminada_martinez5_aulaxxi_murciaeduca_es\/EXlu_OFcC39Hh9tlJlDp92AB_R48LmKhqPajFiiwa3MaGw?e%3DOVBe3u&amp;source=gmail&amp;ust=1715848059376000&amp;usg=AOvVaw2-IV6dosGk3OTl9rsCW7cl\">Digitalizaci\u00f3n 4 ESO.pdf<\/a><\/div><div>DIGITALIZACI\u00d3N Y OFIM\u00c1TICA 1\u00ba BCHTO:\u00a0<a href=\"https:\/\/aula21-my.sharepoint.com\/:b:\/g\/personal\/iluminada_martinez5_aulaxxi_murciaeduca_es\/EbzkZFQ-2AVAo4uFJBoWHPgBloZNu2v85sZiHe0oB7w1Pg?e=k89ZRd\" target=\"_blank\" rel=\"noopener\" data-saferedirecturl=\"https:\/\/www.google.com\/url?q=https:\/\/aula21-my.sharepoint.com\/:b:\/g\/personal\/iluminada_martinez5_aulaxxi_murciaeduca_es\/EbzkZFQ-2AVAo4uFJBoWHPgBloZNu2v85sZiHe0oB7w1Pg?e%3Dk89ZRd&amp;source=gmail&amp;ust=1715848059376000&amp;usg=AOvVaw3kzUZr3P3fVTTupOHzCsvu\">DIGITALIZACI\u00d3N Y OFIM\u00c1TICA.pdf<\/a><\/div><div>TECNOLOG\u00cdA E INGENIER\u00cdA I 1\u00ba BCHTO:\u00a0<a href=\"https:\/\/aula21-my.sharepoint.com\/:b:\/g\/personal\/iluminada_martinez5_aulaxxi_murciaeduca_es\/Eb1dlV47lHVErfA9mfe2G7UBxNTaeIjtVKSMxv0djkjDmw?e=OHEpN7\" target=\"_blank\" rel=\"noopener\" data-saferedirecturl=\"https:\/\/www.google.com\/url?q=https:\/\/aula21-my.sharepoint.com\/:b:\/g\/personal\/iluminada_martinez5_aulaxxi_murciaeduca_es\/Eb1dlV47lHVErfA9mfe2G7UBxNTaeIjtVKSMxv0djkjDmw?e%3DOHEpN7&amp;source=gmail&amp;ust=1715848059376000&amp;usg=AOvVaw3Ujnn-8Y_DR2X_E3TAWv2B\">TECNOLOG\u00cdA E INGENIER\u00cdA I.pdf<\/a><\/div><div>DIGITALIZACI\u00d3N Y PROGRAMACI\u00d3N 2\u00ba BCHTO:\u00a0<a href=\"https:\/\/aula21-my.sharepoint.com\/:b:\/g\/personal\/iluminada_martinez5_aulaxxi_murciaeduca_es\/EdnG4uxdk7FKopK7i7anzRwBqk-satmopi8yaatGtP6Tqw?e=fSVqfN\" target=\"_blank\" rel=\"noopener\" data-saferedirecturl=\"https:\/\/www.google.com\/url?q=https:\/\/aula21-my.sharepoint.com\/:b:\/g\/personal\/iluminada_martinez5_aulaxxi_murciaeduca_es\/EdnG4uxdk7FKopK7i7anzRwBqk-satmopi8yaatGtP6Tqw?e%3DfSVqfN&amp;source=gmail&amp;ust=1715848059376000&amp;usg=AOvVaw3wHtYDI3BEGvD4kI4cqZyM\">Digitalizacio\u0301n y programacio\u0301n (2).pdf<\/a><\/div><div>TECNOLOG\u00cdA E INGENIER\u00cdA II 2\u00ba BCHTO:\u00a0<a href=\"https:\/\/aula21-my.sharepoint.com\/:b:\/g\/personal\/iluminada_martinez5_aulaxxi_murciaeduca_es\/EW0mBkrdiPhFnzg8jQTKSRQBMg4x6W4axDO1r_TtK7JGUg?e=JikKNs\" target=\"_blank\" rel=\"noopener\" data-saferedirecturl=\"https:\/\/www.google.com\/url?q=https:\/\/aula21-my.sharepoint.com\/:b:\/g\/personal\/iluminada_martinez5_aulaxxi_murciaeduca_es\/EW0mBkrdiPhFnzg8jQTKSRQBMg4x6W4axDO1r_TtK7JGUg?e%3DJikKNs&amp;source=gmail&amp;ust=1715848059376000&amp;usg=AOvVaw16jC9lG6w537ijRycfhm2o\">Tecnologi\u0301a e Ingenieri\u0301a II (2).pdf<\/a><\/div><div>IMAGEN Y SONIDO 2\u00ba BCHTO:\u00a0<a href=\"https:\/\/aula21-my.sharepoint.com\/:b:\/g\/personal\/iluminada_martinez5_aulaxxi_murciaeduca_es\/EYW2oy4guJVBq3cBMoq_4rYBMYV0Khk0661QqGVVmt-oDA?e=xKuYkn\" target=\"_blank\" rel=\"noopener\" data-saferedirecturl=\"https:\/\/www.google.com\/url?q=https:\/\/aula21-my.sharepoint.com\/:b:\/g\/personal\/iluminada_martinez5_aulaxxi_murciaeduca_es\/EYW2oy4guJVBq3cBMoq_4rYBMYV0Khk0661QqGVVmt-oDA?e%3DxKuYkn&amp;source=gmail&amp;ust=1715848059376000&amp;usg=AOvVaw0PD0am1kksiVnkEFKiHr1c\">IMAGEN Y SONIDO.pdf<\/a><\/div><\/div>\n\t\t\t\t\t\t\t\t\t<div class=\"elementor-tab-title elementor-tab-mobile-title\" aria-selected=\"false\" data-tab=\"7\" role=\"tab\" tabindex=\"-1\" aria-controls=\"elementor-tab-content-1407\" aria-expanded=\"false\">COMERCIO<\/div>\n\t\t\t\t\t<div id=\"elementor-tab-content-1407\" class=\"elementor-tab-content elementor-clearfix\" data-tab=\"7\" role=\"tabpanel\" aria-labelledby=\"elementor-tab-title-1407\" tabindex=\"0\" hidden=\"hidden\"><p><b>Luis S\u00e1nchez Ca\u00f1izares<\/b><\/p><div dir=\"ltr\"><a href=\"http:\/\/www.mediosdepagointernacional.es\/\" target=\"_blank\" rel=\"nofollow noopener\" data-saferedirecturl=\"https:\/\/www.google.com\/url?q=http:\/\/www.mediosdepagointerncional.es&amp;source=gmail&amp;ust=1645611080948000&amp;usg=AOvVaw2_x2RRS7ww-t8msvvH4_Xp\">http:\/\/www.<wbr \/>mediosdepagointernacional.es<\/a>:\u00a0\u00a0 Contenidos en abierto del M\u00f3dulo de Medios de pago internacional de 2\u00ba curso de Comercio Internacional. Web de referencia en el mundo de los pagos internacionales en el mercado hispano con m\u00e1s de 15.000 visitas mensuales.\u00a0<\/div><div dir=\"ltr\">\u00a0<\/div><div dir=\"ltr\"><a href=\"http:\/\/www.youtube.com\/mediosdepagointernacional\" target=\"_blank\" rel=\"nofollow noopener\" data-saferedirecturl=\"https:\/\/www.google.com\/url?q=http:\/\/www.youtube.com\/mediosdepagointernacional&amp;source=gmail&amp;ust=1645611080948000&amp;usg=AOvVaw1esK-o6Zq7WSfcP-8nXIWd\">http:\/\/www.youtube.com\/<wbr \/>mediosdepagointernacional<\/a>\u00a0: Contenidos en abierto de v\u00eddeos explicativos de los contenidos del m\u00f3dulo.<\/div><div dir=\"ltr\">\u00a0<\/div><div dir=\"ltr\"><a href=\"http:\/\/gefi.lsanchezca.es\/\" target=\"_blank\" rel=\"nofollow noopener\" data-saferedirecturl=\"https:\/\/www.google.com\/url?q=http:\/\/gefi.lsanchezca.es&amp;source=gmail&amp;ust=1645611080948000&amp;usg=AOvVaw3u1-BmuE6LsvhGyWXtIHPv\">http:\/\/gefi.lsanchezca.es<\/a>\u00a0: Web para alumnos del m\u00f3dulo de Gesti\u00f3n econ\u00f3mica y financiera del Ciclo Formativo de Comercio Internacional. Para acceder a la misma\u00a0hay identificarse como alumno de dicho m\u00f3dulo\u00a0con la cuenta oficial de alumno de la Consejer\u00eda de Educaci\u00f3n.<\/div><div dir=\"ltr\">\u00a0<\/div><div dir=\"ltr\"><p><b>Rosa Mar\u00eda Hern\u00e1ndez Andreo<\/b><\/p><div dir=\"ltr\"><a href=\"https:\/\/youtube.com\/@rosamahernandez-dpto.comer3047?si=1HyaqH44BBSCOh9b\" target=\"_blank\" rel=\"noopener\">Canal de YouTube<\/a><\/div><\/div><\/div>\n\t\t\t\t\t\t\t\t\t<div class=\"elementor-tab-title elementor-tab-mobile-title\" aria-selected=\"false\" data-tab=\"8\" role=\"tab\" tabindex=\"-1\" aria-controls=\"elementor-tab-content-1408\" aria-expanded=\"false\">ECONOM\u00cdA<\/div>\n\t\t\t\t\t<div id=\"elementor-tab-content-1408\" class=\"elementor-tab-content elementor-clearfix\" data-tab=\"8\" role=\"tabpanel\" aria-labelledby=\"elementor-tab-title-1408\" tabindex=\"0\" hidden=\"hidden\"><p><b style=\"font-style: inherit;\">\u00c1lvaro Sobrino<\/b><\/p><p><span style=\"font-style: inherit; font-weight: inherit;\">Instagram\u00a0@ecoprincipe<\/span><\/p><\/div>\n\t\t\t\t\t\t\t<\/div>\n\t\t<\/div>\n\t\t\t\t\t\t<\/div>\n\t\t\t\t<\/div>\n\t\t\t\t\t<\/div>\n\t\t<\/div>\n\t\t\t\t\t<\/div>\n\t\t<\/section>\n\t\t\t\t<\/div>\n\t\t","protected":false},"excerpt":{"rendered":"<p>La PRINCIPEDIA Nuestros Sitios Web. La PRINCIPEDIA PROYECTO ASPA (Curso 23\/24) LENGUA EDUCACI\u00d3N F\u00cdSICA INGL\u00c9S TECNOLOG\u00cdA COMERCIO ECONOM\u00cdA La PRINCIPEDIA Queremos recopilar en esta secci\u00f3n toda la informaci\u00f3n que los\u00a0 departamentos del Pr\u00edncipe y sus profesores a nivel particular han elaborado y comparten en sus webs propias y\/o redes sociales, relacionadas con las materias que [&hellip;]<\/p>\n","protected":false},"author":1,"featured_media":0,"parent":0,"menu_order":0,"comment_status":"closed","ping_status":"closed","template":"","meta":{"site-sidebar-layout":"no-sidebar","site-content-layout":"page-builder","ast-site-content-layout":"default","site-content-style":"default","site-sidebar-style":"default","ast-global-header-display":"","ast-banner-title-visibility":"","ast-main-header-display":"","ast-hfb-above-header-display":"","ast-hfb-below-header-display":"","ast-hfb-mobile-header-display":"","site-post-title":"disabled","ast-breadcrumbs-content":"disabled","ast-featured-img":"disabled","footer-sml-layout":"","ast-disable-related-posts":"","theme-transparent-header-meta":"disabled","adv-header-id-meta":"","stick-header-meta":"","header-above-stick-meta":"","header-main-stick-meta":"","header-below-stick-meta":"","astra-migrate-meta-layouts":"default","ast-page-background-enabled":"default","ast-page-background-meta":{"desktop":{"background-color":"","background-image":"","background-repeat":"repeat","background-position":"center center","background-size":"auto","background-attachment":"scroll","background-type":"","background-media":"","overlay-type":"","overlay-color":"","overlay-opacity":"","overlay-gradient":""},"tablet":{"background-color":"","background-image":"","background-repeat":"repeat","background-position":"center center","background-size":"auto","background-attachment":"scroll","background-type":"","background-media":"","overlay-type":"","overlay-color":"","overlay-opacity":"","overlay-gradient":""},"mobile":{"background-color":"","background-image":"","background-repeat":"repeat","background-position":"center center","background-size":"auto","background-attachment":"scroll","background-type":"","background-media":"","overlay-type":"","overlay-color":"","overlay-opacity":"","overlay-gradient":""}},"ast-content-background-meta":{"desktop":{"background-color":"var(--ast-global-color-5)","background-image":"","background-repeat":"repeat","background-position":"center center","background-size":"auto","background-attachment":"scroll","background-type":"","background-media":"","overlay-type":"","overlay-color":"","overlay-opacity":"","overlay-gradient":""},"tablet":{"background-color":"var(--ast-global-color-5)","background-image":"","background-repeat":"repeat","background-position":"center center","background-size":"auto","background-attachment":"scroll","background-type":"","background-media":"","overlay-type":"","overlay-color":"","overlay-opacity":"","overlay-gradient":""},"mobile":{"background-color":"var(--ast-global-color-5)","background-image":"","background-repeat":"repeat","background-position":"center center","background-size":"auto","background-attachment":"scroll","background-type":"","background-media":"","overlay-type":"","overlay-color":"","overlay-opacity":"","overlay-gradient":""}},"footnotes":""},"class_list":["post-1915","page","type-page","status-publish","hentry"],"_links":{"self":[{"href":"https:\/\/iesprincipe.com\/index.php\/wp-json\/wp\/v2\/pages\/1915","targetHints":{"allow":["GET"]}}],"collection":[{"href":"https:\/\/iesprincipe.com\/index.php\/wp-json\/wp\/v2\/pages"}],"about":[{"href":"https:\/\/iesprincipe.com\/index.php\/wp-json\/wp\/v2\/types\/page"}],"author":[{"embeddable":true,"href":"https:\/\/iesprincipe.com\/index.php\/wp-json\/wp\/v2\/users\/1"}],"replies":[{"embeddable":true,"href":"https:\/\/iesprincipe.com\/index.php\/wp-json\/wp\/v2\/comments?post=1915"}],"version-history":[{"count":107,"href":"https:\/\/iesprincipe.com\/index.php\/wp-json\/wp\/v2\/pages\/1915\/revisions"}],"predecessor-version":[{"id":5341,"href":"https:\/\/iesprincipe.com\/index.php\/wp-json\/wp\/v2\/pages\/1915\/revisions\/5341"}],"wp:attachment":[{"href":"https:\/\/iesprincipe.com\/index.php\/wp-json\/wp\/v2\/media?parent=1915"}],"curies":[{"name":"wp","href":"https:\/\/api.w.org\/{rel}","templated":true}]}}